{"id":169,"date":"2020-05-17T17:30:17","date_gmt":"2020-05-17T15:30:17","guid":{"rendered":"http:\/\/www.thelanguagefocus.com\/nl\/prijzen\/"},"modified":"2026-03-09T16:53:55","modified_gmt":"2026-03-09T15:53:55","slug":"prijzen","status":"publish","type":"page","link":"https:\/\/www.thelanguagefocus.com\/nl\/info\/prijzen\/","title":{"rendered":"Prijzen"},"content":{"rendered":"<p>Voor welke formule van <em>The\u00a0Language\u00a0Focus<\/em> u kiest, zal vooral afhangen van de oefenmodules die u wil gebruiken, het aantal leerlingen dat ermee zal werken en de behoefte om de resultaten op te volgen.<\/p>\n<table class=\"table_brown\" cellspacing=\"0\" cellpadding=\"0\">\n<tbody>\n<tr>\n<th colspan=\"2\">Aparte modules van The Language Focus (online) @ 9 euro\/module<\/th>\n<\/tr>\n<tr>\n<td width=\"265\">\n<ul>\n<li>\u00b7 <strong>Fran\u00e7ais Th\u00e8mes<\/strong><\/li>\n<li>\u00b7 <strong>Fran\u00e7ais Grammaire 1<\/strong><\/li>\n<li>\u00b7 <strong>Fran\u00e7ais Grammaire 2<\/strong><\/li>\n<li>\u00b7 <strong>Fran\u00e7ais Grammaire 3<\/strong><\/li>\n<li>\u00b7 <strong>Fran\u00e7ais T\u00e9l\u00e9phoner<\/strong><\/li>\n<li>\u00b7 <strong>Fran\u00e7ais \u00c9crire<\/strong><\/li>\n<li>\u00b7 <strong>Fran\u00e7ais E-mails<\/strong><\/li>\n<li>\u00b7 <strong>Fran\u00e7ais Informatique et Internet<\/strong><\/li>\n<li>\u00b7 <strong>Fran\u00e7ais Verbes<\/strong><\/li>\n<li>\u00b7 <strong>English Themes<\/strong><\/li>\n<li>\u00b7 <strong>English Grammar 1<\/strong><\/li>\n<li>\u00b7 <strong>English Grammar 2<\/strong><\/li>\n<li>\u00b7 <strong>English Tenses<\/strong><\/li>\n<li>\u00b7 <strong>English Phoning<\/strong><\/li>\n<li>\u00b7 <strong>English Writing<\/strong><\/li>\n<li>\u00b7 <strong>Deutsch Themen<\/strong><\/li>\n<li>\u00b7 <strong>Deutsch Grammatik<\/strong><\/li>\n<li>\u00b7 <strong>Deutsch Telefonieren<\/strong><\/li>\n<li>\u00b7 <strong>Deutsch Verben<\/strong><\/li>\n<li>\u00b7 <strong>Nederlands Thema&#8217;s NT2<\/strong><\/li>\n<li>\u00b7 <strong>Nederlands Grammatica NT2, A2<\/strong><\/li>\n<li>\u00b7 <strong>Nederlands Grammatica NT2, B1<\/strong><\/li>\n<li>\u00b7 <strong>Nederlands Telefoneren<\/strong><\/li>\n<li>\u00b7 <strong>Nederlands Schrijven<\/strong><\/li>\n<li>\u00b7 <strong>Nederlands Schrijven NT2<\/strong><\/li>\n<li>\u00b7 <strong>Nederlands Spelling<\/strong><\/li>\n<li>\u00b7 <strong>Nederlands Spelling werkwoorden<\/strong><\/li>\n<\/ul>\n<\/td>\n<td>Een individuele registratiecode kost <strong>9 euro<\/strong> en geeft de leerling <strong>1 jaar online<\/strong> toegang tot <strong>\u00e9\u00e9n<\/strong> welbepaalde <strong>module<\/strong>, bv. <i>English Grammar 1<\/i>.<\/p>\n<p>De leerkrachten hebben gratis toegang tot alle oefeningen en het <a href=\"https:\/\/www.thelanguagefocus.com\/nl\/info\/resultatenbeheer\/\">resultatenbeheer<\/a>.<\/td>\n<\/tr>\n<\/tbody>\n<\/table>\n<table class=\"table_brown\" cellspacing=\"0\" cellpadding=\"0\">\n<tbody>\n<tr>\n<th colspan=\"2\">Taalpakketten van The Language Focus (online) @ 26 euro\/taal<\/th>\n<\/tr>\n<tr>\n<td width=\"265\">\n<ul>\n<li>\u00b7 Taalpakket <strong>Frans<\/strong><br \/>\n<i>(9 modules, +\/- 3400 oefeningen)<\/i><\/li>\n<li>\u00b7 Taalpakket <strong>Engels<\/strong><br \/>\n<i>(6 modules, +\/- 1000 oefeningen)<\/i><\/li>\n<li>\u00b7 Taalpakket <strong>Duits<\/strong><br \/>\n<i>(4 modules, +\/- 1200 oefeningen)<\/i><\/li>\n<li>\u00b7 Taalpakket <strong>Nederlands<\/strong><br \/>\n<i>(8 modules, +\/- 1100 oefeningen)<\/i><\/li>\n<\/ul>\n<\/td>\n<td>Een individuele registratiecode kost <strong>26 euro<\/strong> en geeft de leerling <strong>1 jaar online<\/strong> toegang tot <strong>alle modules<\/strong> van \u00e9\u00e9n welbepaalde <strong>taal<\/strong>, bv. <i>Frans<\/i>.<\/p>\n<p>De leerkrachten hebben gratis toegang tot alle oefeningen en het <a href=\"https:\/\/www.thelanguagefocus.com\/nl\/info\/resultatenbeheer\/\">resultatenbeheer<\/a>.<\/td>\n<\/tr>\n<\/tbody>\n<\/table>\n<table class=\"table_brown\" cellspacing=\"0\" cellpadding=\"0\">\n<tbody>\n<tr>\n<th>Het digiTAAL werkboek @ 12 euro\/leerling<\/th>\n<\/tr>\n<tr>\n<td>Het <strong>digiTAAL werkboek<\/strong> is de meest uitgebreide formule van <em>The Language Focus<\/em>: via een <strong>schoolabonnement van 12 euro per leerling<\/strong> krijgen <strong>alle leerlingen<\/strong> van de school voor <strong>1 jaar<\/strong> toegang tot <strong>alle modules<\/strong> van <strong>alle talen<\/strong>.<\/p>\n<p>De leerkrachten krijgen toegang tot alle oefeningen, tot het <a href=\"https:\/\/www.thelanguagefocus.com\/nl\/info\/resultatenbeheer\/\">resultatenbeheer<\/a> \u00e9n tot de tool die het mogelijk maakt om <strong>zelf<\/strong> online <strong>oefeningen<\/strong> te <strong>ontwikkelen<\/strong>.<\/p>\n<p>Voor meer informatie daarover, ga naar de website van het <a href=\"https:\/\/www.digitaalwerkboek.be\/\">digiTAAL werkboek<\/a>.<\/td>\n<\/tr>\n<\/tbody>\n<\/table>\n<p>Alle vermelde prijzen zijn inclusief BTW.<\/p>\n<p>Leerkrachten kunnen <strong>gratis<\/strong> een <strong>proeflicentie<\/strong> aanvragen voor alle online modules van <em>The Language Focus<\/em>. Ga hiervoor naar <a href=\"https:\/\/www.thelanguagefocus.com\/nl\/contact\/bestellen\/\">Bestellen<\/a>.<\/p>\n<p>Bekijk <a href=\"https:\/\/www.thelanguagefocus.com\/nl\/info\/algemene-voorwaarden\/\">hier<\/a> onze <strong>algemene voorwaarden<\/strong>.<\/p>\n","protected":false},"excerpt":{"rendered":"<p>Voor welke formule van The\u00a0Language\u00a0Focus u kiest, zal vooral afhangen van de oefenmodules die u wil gebruiken, het aantal leerlingen dat ermee zal werken en de behoefte om de resultaten op te volgen. Aparte modules van The Language Focus (online)<\/p>\n","protected":false},"author":2,"featured_media":0,"parent":165,"menu_order":5,"comment_status":"closed","ping_status":"closed","template":"","meta":{"footnotes":""},"class_list":["post-169","page","type-page","status-publish","hentry"],"_links":{"self":[{"href":"https:\/\/www.thelanguagefocus.com\/nl\/wp-json\/wp\/v2\/pages\/169","targetHints":{"allow":["GET"]}}],"collection":[{"href":"https:\/\/www.thelanguagefocus.com\/nl\/wp-json\/wp\/v2\/pages"}],"about":[{"href":"https:\/\/www.thelanguagefocus.com\/nl\/wp-json\/wp\/v2\/types\/page"}],"author":[{"embeddable":true,"href":"https:\/\/www.thelanguagefocus.com\/nl\/wp-json\/wp\/v2\/users\/2"}],"replies":[{"embeddable":true,"href":"https:\/\/www.thelanguagefocus.com\/nl\/wp-json\/wp\/v2\/comments?post=169"}],"version-history":[{"count":0,"href":"https:\/\/www.thelanguagefocus.com\/nl\/wp-json\/wp\/v2\/pages\/169\/revisions"}],"up":[{"embeddable":true,"href":"https:\/\/www.thelanguagefocus.com\/nl\/wp-json\/wp\/v2\/pages\/165"}],"wp:attachment":[{"href":"https:\/\/www.thelanguagefocus.com\/nl\/wp-json\/wp\/v2\/media?parent=169"}],"curies":[{"name":"wp","href":"https:\/\/api.w.org\/{rel}","templated":true}]}}