{"id":244,"date":"2020-05-18T12:47:43","date_gmt":"2020-05-18T10:47:43","guid":{"rendered":"http:\/\/www.thelanguagefocus.com\/fr\/faq-leerkrachten\/"},"modified":"2020-05-28T10:08:39","modified_gmt":"2020-05-28T08:08:39","slug":"faq-leerkrachten","status":"publish","type":"page","link":"https:\/\/www.thelanguagefocus.com\/fr\/support\/faq\/faq-leerkrachten\/","title":{"rendered":"FAQ &#8211; Pour les enseignants"},"content":{"rendered":"<ol>\n<li>\n<h4>Je clique sur le titre d&rsquo;un exercice, mais il ne s&rsquo;affiche pas.<\/h4>\n<p>En tant qu&rsquo;enseignant, vous avez acc\u00e8s \u00e0 diff\u00e9rents onglets gr\u00e2ce auxquels vous pouvez entre autres consulter les r\u00e9ponses, aller voir les r\u00e9sultats de vos apprenants, faire des groupes, etc. Pour ouvrir et faire un exercice vous-m\u00eame, vous devez ouvrir l&rsquo;onglet &lsquo;Exercices&rsquo; (Exercises). Ainsi, quand vous cliquez sur un exercice, celui-ci s&rsquo;affiche, vous pouvez le faire et ensuite aller consulter vos r\u00e9sultats.<\/p>\n<\/li>\n<li>\n<h4>Je ne vois pas les r\u00e9sultats de mes \u00e9l\u00e8ves, alors qu&rsquo;ils se sont inscrits dans un groupe que j&rsquo;ai moi-m\u00eame cr\u00e9\u00e9.<\/h4>\n<p>\n1) Connectez-vous et s\u00e9lectionnez le module d&rsquo;exercices dont vous voulez voir les r\u00e9sultats.<br \/>\n2) Cliquez sur l&rsquo;onglet &lsquo;R\u00e9sultats&rsquo; (Results).<br \/>\n3) Cliquez sur le lien &lsquo;R\u00e9sum\u00e9&rsquo; (ou Sommaire) (Summary) \u00e0 droite en haut de l&rsquo;\u00e9cran.<br \/>\n4) S\u00e9lectionnez votre groupe dans le menu d\u00e9roulant \u00e0 gauche sous les onglets.<br \/>\n5) S\u00e9lectionnez ensuite dans l&rsquo;arborescence le dossier des exercices faits par vos \u00e9l\u00e8ves ou cliquez sur le globe pour d\u00e9rouler le module. =&gt; Maintenant, un r\u00e9sum\u00e9 des r\u00e9sultats de tous les \u00e9l\u00e8ves du groupe s\u00e9lectionn\u00e9 s&rsquo;affiche.<br \/>\n6) Si vous sohaitez consulter les r\u00e9sultats d&rsquo;un \u00e9l\u00e8ve en particulier, cliquez sur son nom. =&gt; Vous voyez alors s&rsquo;afficher tous les r\u00e9sultats des exercices que cet \u00e9l\u00e8ve a fait dans le module s\u00e9lectionn\u00e9. <br \/>\n7) Si vous souhaitez regarder un r\u00e9sultat en particulier, cliquez dessus. =&gt; S&rsquo;affiche alors l&rsquo;exercice tel que l&rsquo;\u00e9l\u00e8ve l&rsquo;a rempli OU un rapport avec toutes les donn\u00e9es et toutes les r\u00e9ponses correctes. Vous pouvez passer de l&rsquo;un \u00e0 l&rsquo;autre (exercice \/ rapport) en cliquant sur le bouton  &lsquo;Rapport\/Exercice&rsquo; (Report\/Exercise).<\/p>\n<p>N&rsquo;oubliez surtout pas l&rsquo;\u00e9tape n\u00b04 parce que si vous ne s\u00e9lectionnez pas le bon groupe, vous pourriez avoir l&rsquo;impression qu&rsquo;il n&rsquo;y a aucun r\u00e9sultat !<\/p>\n<\/li>\n<li>\n<h4>Pour un des cours, il y a eu un changement de professeur. Comment pouvons-nous passer le code du groupe d&rsquo;un professeur \u00e0 l&rsquo;autre&nbsp;?<\/h4>\n<p>En tant que <i>nouveau<\/i> professeur, vous devez proc\u00e9der ainsi :<br \/>\n&#8211; Connectez-vous et cliquez sur l&rsquo;onglet &lsquo;Apprenants&rsquo; (Students).<br \/>\n&#8211; Cliquez sur le bouton &lsquo;S&rsquo;inscrire&rsquo; (Join) en haut dans le cadre &lsquo;Groupes&rsquo; (dans le cadre de gauche).<br \/>\n&#8211; Saisissez dans la fen\u00eatre qui s&rsquo;ouvre le code du groupe que le professeur que vous remplacez a re\u00e7u. Cliquez sur &lsquo;OK&rsquo;.<br \/>\nMaintenant, le nouveau professeur peut consulter les r\u00e9sultats du groupe.<\/p>\n<\/li>\n<\/ol>\n","protected":false},"excerpt":{"rendered":"<p>Je clique sur le titre d&rsquo;un exercice, mais il ne s&rsquo;affiche pas. En tant qu&rsquo;enseignant, vous avez acc\u00e8s \u00e0 diff\u00e9rents onglets gr\u00e2ce auxquels vous pouvez entre autres consulter les r\u00e9ponses, aller voir les r\u00e9sultats de vos apprenants, faire des groupes,<\/p>\n","protected":false},"author":3,"featured_media":0,"parent":228,"menu_order":4,"comment_status":"closed","ping_status":"closed","template":"","meta":{"footnotes":""},"class_list":["post-244","page","type-page","status-publish","hentry"],"_links":{"self":[{"href":"https:\/\/www.thelanguagefocus.com\/fr\/wp-json\/wp\/v2\/pages\/244","targetHints":{"allow":["GET"]}}],"collection":[{"href":"https:\/\/www.thelanguagefocus.com\/fr\/wp-json\/wp\/v2\/pages"}],"about":[{"href":"https:\/\/www.thelanguagefocus.com\/fr\/wp-json\/wp\/v2\/types\/page"}],"author":[{"embeddable":true,"href":"https:\/\/www.thelanguagefocus.com\/fr\/wp-json\/wp\/v2\/users\/3"}],"replies":[{"embeddable":true,"href":"https:\/\/www.thelanguagefocus.com\/fr\/wp-json\/wp\/v2\/comments?post=244"}],"version-history":[{"count":0,"href":"https:\/\/www.thelanguagefocus.com\/fr\/wp-json\/wp\/v2\/pages\/244\/revisions"}],"up":[{"embeddable":true,"href":"https:\/\/www.thelanguagefocus.com\/fr\/wp-json\/wp\/v2\/pages\/228"}],"wp:attachment":[{"href":"https:\/\/www.thelanguagefocus.com\/fr\/wp-json\/wp\/v2\/media?parent=244"}],"curies":[{"name":"wp","href":"https:\/\/api.w.org\/{rel}","templated":true}]}}