{"id":243,"date":"2020-05-18T12:47:43","date_gmt":"2020-05-18T10:47:43","guid":{"rendered":"http:\/\/www.thelanguagefocus.com\/fr\/faq-varia\/"},"modified":"2020-05-18T23:31:17","modified_gmt":"2020-05-18T21:31:17","slug":"faq-varia","status":"publish","type":"page","link":"https:\/\/www.thelanguagefocus.com\/fr\/support\/faq\/faq-varia\/","title":{"rendered":"FAQ &#8211; Autres"},"content":{"rendered":"<ol>\n<li>\n<h4>Je ne vois pas la barre de r\u00e9sultats en bas de l&rsquo;\u00e9cran.<\/h4>\n<p>Il est probable que la r\u00e9solution de votre fen\u00eatre soit plus grande que celle de votre \u00e9cran. R\u00e9duisez la fen\u00eatre ou passez en affichage plein \u00e9cran pour voir appara\u00eetre la barre de r\u00e9sultats.<\/p>\n<\/li>\n<li>\n<h4>Les pages ou les cadres ne se chargent pas correctement.<\/h4>\n<p>Dans la page Info, consultez les exigences syst\u00e8me afin de v\u00e9rifier si vous utilisez bien les navigateurs recommand\u00e9s et\/ou si votre ordinateur r\u00e9pond aux exigences syst\u00e8me recommand\u00e9es.<\/p>\n<\/li>\n<li>\n<h4>A chaque fois que je quitte le programme et que j&rsquo;y reviens plus tard, je ne sais plus o\u00f9 j&rsquo;en \u00e9tais. <\/h4>\n<p>Aller dans l&rsquo;onglet &lsquo;Profile&rsquo; et veillez \u00e0 ce que dans &lsquo;Pr\u00e9f\u00e9rences&rsquo; (Preferences) l&rsquo;option &lsquo;Se souvenir du dernier produit\/groupe visit\u00e9&rsquo; (Remember Last Accessed Product\/Community) soit coch\u00e9e. Ainsi, la prochaine fois que vous vous connecterez, le dernier exercice sur lequel vous avez travaill\u00e9 s&rsquo;affichera automatiquement. (Attention : pour cela, il faut quitter proprement le programme en cliquant sur la petite porte de sortie en haut \u00e0 droite et pas en cliquant sur la croix rouge pour fermer la fen\u00eatre.<\/p>\n<\/li>\n<li>\n<h4>Dans mes r\u00e9sultats, je vois parfois &lsquo;n\/a&rsquo; ou &lsquo;&#8230;&rsquo; l\u00e0 o\u00f9 un score devrait s&rsquo;afficher.<\/h4>\n<p>&lsquo;n\/a&rsquo; est l&rsquo;abr\u00e9viation de &lsquo;non applicable&rsquo; et signifie qu&rsquo;il n&rsquo;y a pas de score pour cet exercice, par exemple, parce que c&rsquo;\u00e9tait une activit\u00e9 de lecture, qui n&rsquo;exigeait aucune r\u00e9ponse.<\/p>\n<p>&lsquo;&#8230;&rsquo; signifie que l&rsquo;exercice n&rsquo;est pas compl\u00e9tement fini et que vous avez s\u00fbrement cliqu\u00e9 sur &lsquo;Continuer plus tard&rsquo;. D\u00e8s que vous aurez fini l&rsquo;exercice, le r\u00e9sultat s&rsquo;affichera en lieu et place des &lsquo;&#8230;&rsquo;.<\/p>\n<\/li>\n<\/ol>\n<div style=\"display:none\">\n<ol>\n<li>\n<h4>Mon professeur ne voit pas mes r\u00e9sultats.<\/h4>\n<p>Cliquez sur l&rsquo;onglet &lsquo;Profile&rsquo;. Remplissez votre adresse \u00e9lectronique ou votre nom de famille dans le champ &lsquo;e-mail\/nom&rsquo; (email\/last name). Cliquez sur &lsquo;S&rsquo;inscrire&rsquo; (Join) pour devenir membre du groupe afin que votre professeur puisse consulter vos r\u00e9sultats.<\/p>\n<\/li>\n<\/ol>\n<\/div>\n","protected":false},"excerpt":{"rendered":"<p>Je ne vois pas la barre de r\u00e9sultats en bas de l&rsquo;\u00e9cran. Il est probable que la r\u00e9solution de votre fen\u00eatre soit plus grande que celle de votre \u00e9cran. R\u00e9duisez la fen\u00eatre ou passez en affichage plein \u00e9cran pour voir<\/p>\n","protected":false},"author":3,"featured_media":0,"parent":228,"menu_order":5,"comment_status":"closed","ping_status":"closed","template":"","meta":{"footnotes":""},"class_list":["post-243","page","type-page","status-publish","hentry"],"_links":{"self":[{"href":"https:\/\/www.thelanguagefocus.com\/fr\/wp-json\/wp\/v2\/pages\/243","targetHints":{"allow":["GET"]}}],"collection":[{"href":"https:\/\/www.thelanguagefocus.com\/fr\/wp-json\/wp\/v2\/pages"}],"about":[{"href":"https:\/\/www.thelanguagefocus.com\/fr\/wp-json\/wp\/v2\/types\/page"}],"author":[{"embeddable":true,"href":"https:\/\/www.thelanguagefocus.com\/fr\/wp-json\/wp\/v2\/users\/3"}],"replies":[{"embeddable":true,"href":"https:\/\/www.thelanguagefocus.com\/fr\/wp-json\/wp\/v2\/comments?post=243"}],"version-history":[{"count":0,"href":"https:\/\/www.thelanguagefocus.com\/fr\/wp-json\/wp\/v2\/pages\/243\/revisions"}],"up":[{"embeddable":true,"href":"https:\/\/www.thelanguagefocus.com\/fr\/wp-json\/wp\/v2\/pages\/228"}],"wp:attachment":[{"href":"https:\/\/www.thelanguagefocus.com\/fr\/wp-json\/wp\/v2\/media?parent=243"}],"curies":[{"name":"wp","href":"https:\/\/api.w.org\/{rel}","templated":true}]}}