{"id":242,"date":"2020-05-18T12:47:43","date_gmt":"2020-05-18T10:47:43","guid":{"rendered":"http:\/\/www.thelanguagefocus.com\/fr\/faq-oefeningen\/"},"modified":"2020-05-28T10:08:08","modified_gmt":"2020-05-28T08:08:08","slug":"faq-oefeningen","status":"publish","type":"page","link":"https:\/\/www.thelanguagefocus.com\/fr\/support\/faq\/faq-oefeningen\/","title":{"rendered":"FAQ &#8211; Faire des exercices"},"content":{"rendered":"<ol>\n<li>\n<h4>Quand je clique \u00e0 gauche <b>sur<\/b> un dossier, aucun exercice ne s&rsquo;affiche \u00e0 droite.<\/h4>\n<p>Attention. Les exercices se trouvent <i>dans<\/i> les dossiers. Il faut donc <i>ouvrir<\/i> le dossier avant que quoi que ce soit ne s&rsquo;affiche. Cliquez donc <i>sur<\/i> le dossier du th\u00e8me principal que vous souhaitez travailler pour l&rsquo;ouvrir. Il est possible que sous ce dossier, il y ait des sous-dossiers. Ouvrez-les de la m\u00eame fa\u00e7on. Ce n&rsquo;est que lorsque vous cliquez sur un exercice, que celui-ci s&rsquo;affiche dans la partie de droite.<\/p>\n<\/li>\n<li>\n<h4>Je suis en train de faire un <u>exercice \u00e0 trous<\/u> mais le programme n&rsquo;\u00e9value pas ce que je saisis, ne donne aucun score ni aucun feedback.<\/h4>\n<p>N&rsquo;oubliez pas de valider chacune de vos r\u00e9ponse \u00e0 l&rsquo;aide de la touche Entrer<i>(*)<\/i>. La touche de Tabulation (Tab) vous permet de sauter d&rsquo;un item \u00e0 un autre mais vos r\u00e9ponses ne sont alors pas valid\u00e9es et le programme ne peut donc pas calculer de score. Il est n\u00e9cessaire de valider par la touche Entrer. <i>(*): attention ! Cela n&rsquo;est vrai que pour les exercices \u00e0 trous, pas pour les questions \u00e0 choix multiples.<\/i><\/p>\n<\/li>\n<li>\n<h4>J&rsquo;ai saisi la bonne r\u00e9ponse mais le programme n&rsquo;accepte pas ma r\u00e9ponse comme correcte.<\/h4>\n<p>Certaines r\u00e9ponses contiennent des majuscules, des accents ou des caract\u00e8res sp\u00e9ciaux. Si vous ne mettez pas de majuscule l\u00e0 o\u00f9 il en faut une, votre r\u00e9ponse sera incorrecte. Si vous ne mettez pas d&rsquo;accent sur une lettre qui doit en porter un, votre r\u00e9ponse sera \u00e9galement incorrecte. Vous pouvez utiliser le tableau de caract\u00e8res pour taper les caract\u00e8res sp\u00e9ciaux. Placez le curseur \u00e0 l&rsquo;endroit o\u00f9 vous voulez saisir le caract\u00e8re souhait\u00e9, cliquez ensuite dans le tableau de symboles et le caract\u00e8re va s&rsquo;afficher imm\u00e9diatement l\u00e0 o\u00f9 se trouve le curseur.<\/p>\n<\/li>\n<li>\n<h4>Comment sort-on d&rsquo;un exercice&nbsp;?<\/h4>\n<p>Il y a deux solutions pour sortir d&rsquo;un exercice. Soit vous cliquez simplement sur un autre exercice dans l&rsquo;arborescence \u00e0 gauche de l&rsquo;\u00e9cran ou en utilisant sur les touches &lsquo;&lt;&lt;&lsquo; ou &lsquo;&gt;&gt;&rsquo;. Soit vous cliquez sur le bouton &lsquo;Fermer&rsquo; (Cancel) pour quitter l&rsquo;exercice (mais ceci n&rsquo;est possible que si vous avez compl\u00e9t\u00e9 la totalit\u00e9 de l&rsquo;exercice ou si vous avez cliqu\u00e9 auparavant sur le bouton &lsquo;Soumettre&rsquo; ou &lsquo;Continuer plus tard&rsquo;).<\/p>\n<\/li>\n<li>\n<h4>Je faisais un exercice mais je n&rsquo;ai soudain plus eu d&rsquo;essais.<\/h4>\n<p>Certains exercices offrent trois essais, mais d&rsquo;autres n&rsquo;en proposent qu&rsquo;un ou deux. Le nombre d&rsquo;essais peut varier \u00e9galement au sein d&rsquo;une m\u00eame activit\u00e9 pour chacune des r\u00e9ponses. Consultez \u00e0 tout moment le nombre d&rsquo;essais possibles dans la barre en bas de l&rsquo;\u00e9cran.<\/p>\n<\/li>\n<li>\n<h4>Certaines des questions auxquelles j&rsquo;ai r\u00e9pondu ne re\u00e7oivent aucune \u00e9valuation.<\/h4>\n<p>Certains exercices proposent des questions ouvertes auxquelles on r\u00e9pond en saisissant un texte libre.  Dans la barre situ\u00e9e en bas de l&rsquo;\u00e9cran, vous pouvez voir combien de mots vous avez saisis dans chaque champ mais vous n&rsquo;aurez effectivement aucune \u00e9valuation pour le(s) texte(s) saisi(s). Pour ce type d&rsquo;exercices, un texte mod\u00e8le est parfois propos\u00e9, auquel vous pouvez comparer votre r\u00e9ponse. Sinon, il vous faut suivre les instructions donn\u00e9es par votre professeur &#8211; certains demandent \u00e0 ce que vous imprimiez le rapport ou l&rsquo;exercice et que vous le lui rendiez.<\/p>\n<\/li>\n<\/ol>\n","protected":false},"excerpt":{"rendered":"<p>Quand je clique \u00e0 gauche sur un dossier, aucun exercice ne s&rsquo;affiche \u00e0 droite. Attention. Les exercices se trouvent dans les dossiers. Il faut donc ouvrir le dossier avant que quoi que ce soit ne s&rsquo;affiche. Cliquez donc sur le<\/p>\n","protected":false},"author":3,"featured_media":0,"parent":228,"menu_order":2,"comment_status":"closed","ping_status":"closed","template":"","meta":{"footnotes":""},"class_list":["post-242","page","type-page","status-publish","hentry"],"_links":{"self":[{"href":"https:\/\/www.thelanguagefocus.com\/fr\/wp-json\/wp\/v2\/pages\/242","targetHints":{"allow":["GET"]}}],"collection":[{"href":"https:\/\/www.thelanguagefocus.com\/fr\/wp-json\/wp\/v2\/pages"}],"about":[{"href":"https:\/\/www.thelanguagefocus.com\/fr\/wp-json\/wp\/v2\/types\/page"}],"author":[{"embeddable":true,"href":"https:\/\/www.thelanguagefocus.com\/fr\/wp-json\/wp\/v2\/users\/3"}],"replies":[{"embeddable":true,"href":"https:\/\/www.thelanguagefocus.com\/fr\/wp-json\/wp\/v2\/comments?post=242"}],"version-history":[{"count":0,"href":"https:\/\/www.thelanguagefocus.com\/fr\/wp-json\/wp\/v2\/pages\/242\/revisions"}],"up":[{"embeddable":true,"href":"https:\/\/www.thelanguagefocus.com\/fr\/wp-json\/wp\/v2\/pages\/228"}],"wp:attachment":[{"href":"https:\/\/www.thelanguagefocus.com\/fr\/wp-json\/wp\/v2\/media?parent=242"}],"curies":[{"name":"wp","href":"https:\/\/api.w.org\/{rel}","templated":true}]}}