{"id":241,"date":"2020-05-18T12:47:43","date_gmt":"2020-05-18T10:47:43","guid":{"rendered":"http:\/\/www.thelanguagefocus.com\/fr\/faq-toegang\/"},"modified":"2020-05-28T10:07:31","modified_gmt":"2020-05-28T08:07:31","slug":"faq-toegang","status":"publish","type":"page","link":"https:\/\/www.thelanguagefocus.com\/fr\/support\/faq\/faq-toegang\/","title":{"rendered":"FAQ &#8211; Acc\u00e8s \u00e0 l&rsquo;environnement"},"content":{"rendered":"<ol>\n<li>\n<h4>J&rsquo;ai oubli\u00e9 mon login ou mon mot de passe.<\/h4>\n<p>Si vous avez oubli\u00e9 votre login ou votre mot de passe, allez sur la page de connexion, cliquez sur le lien &lsquo;Login et\/ou mot de passe oubli\u00e9&nbsp;?&rsquo; et suivez les instructions.<\/p>\n<\/li>\n<li>\n<h4>En r\u00e9ponse \u00e0 ma demande de mon login ou de mon mot de passe, je re\u00e7ois le message suivant&nbsp;: &ldquo;Il nous est impossible de retrouver vos donn\u00e9es d&rsquo;utilisateur \u00e0 partir des \u00e9l\u00e9ments saisis.&rdquo;<\/h4>\n<p>V\u00e9rifiez que vous avez saisi exactement les m\u00eames informations que lors de votre inscription. Donnez&nbsp;:<br \/> &#8211; SOIT votre adresse \u00e9lectonique,<br \/> &#8211; SOIT votre nom d&rsquo;utilisateur (login),<br \/> &#8211; SOIT vos nom et pr\u00e9nom.<br \/> Dasn le premier cas, votre nom d&rsquo;utilisateur et votre mot de passe seront imm\u00e9diatement envoy\u00e9s \u00e0 l&rsquo;adresse \u00e9lectronique indiqu\u00e9e. Dans les deux autres cas, vous devrez r\u00e9pondre \u00e0 votre question secr\u00e8te. Vous pourrez ensuite renseigner n&rsquo;importe quelle adresse \u00e9lectronique via laquelle vous souhaitez recevoir vos donn\u00e9es de connexion.<\/p>\n<\/li>\n<li>\n<h4>J&rsquo;ai saisi ma cl\u00e9 d&rsquo;enregistrement et j&rsquo;ai cliqu\u00e9 sur le bouton \u00ab\u00a0Enregistrer\u00a0\u00bb mais il ne se passe rien.<\/h4>\n<p>Consultez la r\u00e9ponse \u00e0 la question 4 ci-dessous.<\/p>\n<\/li>\n<li>\n<h4>J&rsquo;ai saisi mon login et mon mot de passe, j&rsquo;ai cliqu\u00e9 sur Entrer ou sur le bouton &lsquo;Login&rsquo;, mais la fen\u00eatre de la plate-forme n&rsquo;appara\u00eet pas. Seule la page de connexion est visible, le champ du mot de passe est vide et il ne se passe rien de plus.<\/h4>\n<p>Dans ce cas, les causes les plus courantes sont&nbsp;:&hellip;<br \/> &#8211; &hellip; votre navigateur bloque les &ldquo;pop-ups&rdquo; :<br \/><strong>dans  Google Chrome<\/strong>&nbsp;&middot; Si vous regardez bien, d\u00e8s que vous cliquez sur \u00ab\u00a0Enregistrer\u00a0\u00bb appara\u00eet <span style=\"text-decoration: underline;\">en haut \u00e0 droite<\/span>&nbsp; dans le champ adresse de Google Chrome, un message qui dit&nbsp;: \u00ab\u00a0pop-up bloqu\u00e9\u00a0\u00bb. Ce message dispara\u00eet vite, glisse vers la droite et il ne reste qu&rsquo;une petite ic\u00f4ne avec une croix rouge. Si vous cliquez dessus,, vous pouvez cocher \u00ab\u00a0Toujours autoriser les pop-ups de ace.explio.com\u00a0\u00bb. Validez, relancez le navigateur Google Chrome et essayez \u00e0 nouveau de vous connecter. Cela devrait normalement maintenant fonctionner.<br \/><strong>dans Internet Explorer &amp; Firefox<\/strong>&nbsp;&middot; L\u00e0 o\u00f9 se trouve le bouton \u00ab\u00a0Enregistrer\u00a0\u00bb appra\u00eetra \u00e0 la place \u00ab\u00a0Cliquez ici pour poursuivre l&rsquo;enregistrement\u00a0\u00bb. Si vous cliquez dessus, la fen\u00eatre pour se connecter s&rsquo;ouvrira \u00e0 nouveau. <br \/>&#8211; &hellip; vous avez install\u00e9 &ldquo;un bloqueur de pop-ups&rdquo;, qui emp\u00eache les fen\u00eatres pop-ups irritantes d&rsquo;appara\u00eetre. Dans ce cas, vous devez ajouter <strong>http:\/\/ace.explio.com<\/strong> \u00e0 la liste des sites de confiance.<br \/> &#8211; &hellip; vous avez un firewall qui bloque notre site. Dans ce cas, ajoutez notre site <strong>http:\/\/ace.explio.com<\/strong> \u00e0 la liste des sites de confiance dans le programme correspondant.<\/p>\n<\/li>\n<li>\n<h4>Je parviens \u00e0 me connecter et \u00e0 entrer dans la plate-forme mais :<br \/> OU BIEN&nbsp;: &#8211; cela prend beaucoup trop de temps pour se connecter,<br \/> OU BIEN&nbsp;: &#8211; j&rsquo;obtiens un \u00e9cran blanc \u00e0 la place de la page de s\u00e9lection des produits,<br \/> OU BIEN&nbsp;: &#8211; la table des mati\u00e8res des exercices n&rsquo;appara\u00eet pas.<\/h4>\n<p>Votre syst\u00e8me est probablement infect\u00e9 par un <span style=\"text-decoration: underline;\">spyware<\/span>. Si vous d\u00e9connectez les applications compl\u00e9mentaires (add-ons) et les extensions, d\u00e9connectez surtout et en premier lieu les add-ons (applications compl\u00e9mentaires)&nbsp;:<\/p>\n<p><strong>dans GOOGLE CHROME<\/strong> <br \/>lancez Google Chrome et d\u00e9connectez comme suit les extensions&nbsp;:<br \/>cliquez dans Google Chrome en haut \u00e0 droite sur le bouton avec les trois petites lignes (&lsquo;Customise and control Google Chrome&rsquo;\/&rsquo;Personnaliser et contr\u00f4ler Google Chrome&rsquo;) et s\u00e9lectionnez l&rsquo;option &lsquo;Settings&rsquo; (Param\u00e8tres). Cliquez \u00e0 gauche sur &lsquo;Extensions&rsquo;. D\u00e9cochez toutes les cases. Relancez Google Chrome. En principe, vous devriez pouvoir faire \u00e0 pr\u00e9sent tous les exercices sans probl\u00e8me.<\/p>\n<p><strong>dans INTERNET EXPLORER<\/strong><br \/>Lancez Internet Explorer et d\u00e9connectez comme suit les add-ons (applications compl\u00e9mentaires)&nbsp;:<br \/>cliquez dans Internet Explorer \u00e0 droite du champ adresse sur la roue crant\u00e9e (=le menu &lsquo;Tools&rsquo; \/ &lsquo;Extra&rsquo;) et s\u00e9lectionnez l&rsquo;option &lsquo;Manage Add-ons&#8230;&rsquo; (Param\u00e9trer les Add-ons&#8230;). Pour un bon fonctionnement de la plate-forme, vous pouvez d\u00e9cocher sans inqui\u00e8tude tous les add-ons. Pour cela, s\u00e9lectionnez-les tous en une seule fois (Ctrl+A), et cliquez ensuite sur le bouton &lsquo;Disable All&rsquo; (Tout d\u00e9sactiver) en bas \u00e0 droite. Relancez Internet Explorer. En principe, vous devriez pouvoir faire \u00e0 pr\u00e9sent tous les exercices sans probl\u00e8me.<\/p>\n<p><strong>dans FIREFOX<\/strong><br \/>Lancez Firefox et d\u00e9connectez comme suit les extensions&nbsp;:<br \/>cliquez dans Firefox en haut \u00e0 droite sur le bouton avec les trois petites lignes (&lsquo;Open menu&rsquo;\/&rsquo;Ouvrir le menu&rsquo;) et choisissez l&rsquo;option &lsquo;Add-ons&rsquo;. Cliquez \u00e0 gauche sur &lsquo;Extensions&rsquo;. D\u00e9sactivez toutes les extensions en cliquant \u00e0 c\u00f4t\u00e9 de chacune sur le bouton \u00ab\u00a0D\u00e9sactiver\u00a0\u00bb. Relancez Firefox. En principe, vous devriez pouvoir faire \u00e0 pr\u00e9sent tous les exercices sans probl\u00e8me.<\/p>\n<p>Autre possibilit\u00e9&nbsp;: il est \u00e9galement possible qu&rsquo;un ou plusieurs fichiers ne soient pas correctement t\u00e9l\u00e9charg\u00e9s, et que ces fichiers corrompus soient rest\u00e9s dans le cache du navigateur. Dans la majorit\u00e9 des navigateurs, vous pouvez vider le cache de la fa\u00e7on suivante&nbsp;: <br \/>appuyez simultan\u00e9ment sur les touches <strong>Ctrl + Shift + Suppr<\/strong>:<\/p>\n<p><strong>dans GOOGLE CHROME<\/strong> <br \/>La fen\u00eatre &lsquo;Effacer les donn\u00e9es de navigation&rsquo; appara\u00eet&nbsp;:<br \/>&#8211; choisissez jusqu&rsquo;o\u00f9 vous souhaitez remonter  &lsquo;Effacer les \u00e9l\u00e9ments&nbsp;: &#8230;<br \/>&#8211; veillez \u00e0 ce que la case &lsquo;Images et fichiers en cache&rsquo; soit coch\u00e9e<br \/>&#8211; cliquez sur le bouton &lsquo;Effacer les donn\u00e9es de navigation&rsquo;<br \/>Red\u00e9marrez Google Chrome. En principe, vous devriez maintenant pouvoir faire les exercices sans probl\u00e8me.<\/p>\n<p><strong>dans INTERNET EXPLORER<\/strong><br \/>La fen\u00eatre &lsquo;Effacer l&rsquo;historique de navigation&rsquo; appara\u00eet&nbsp;:<br \/>&#8211; veillez \u00e0 ce que la case &lsquo;Fichiers Internet temporaires et les fichiers de site Web&rsquo; soit coch\u00e9e<br \/>&#8211; cliquez sur le bouton &lsquo;Effacer&rsquo;<br \/>Red\u00e9marrez Internet Explorer. En principe, vous devriez maintenant pouvoir faire les exercices sans probl\u00e8me.<\/p>\n<p><strong>dans FIREFOX<\/strong><br \/>La fen\u00eatre &lsquo;Effacer l&rsquo;historique r\u00e9cent&rsquo; appara\u00eet&nbsp;:<br \/>&#8211; veillez \u00e0 ce que &lsquo;Donn\u00e9es de site web hors connexion&rsquo; soit coch\u00e9e<br \/>&#8211; cliquez sur &lsquo;Effacer maintenant&rsquo;.<br \/>red\u00e9marrez Firefox. En principe, vous devriez maintenant pouvoir faire les exercices sans probl\u00e8me.<\/p>\n<p>Il est \u00e9galement possible que vous ayez ferm\u00e9 la page de connexion. Il est pr\u00e9f\u00e9rable de ne pas le faire parce que cela peut fermer votre session et vous ne pourrez donc plus travailler.<\/p>\n<h4>&nbsp;<\/h4>\n<\/li>\n<\/ol>\n","protected":false},"excerpt":{"rendered":"<p>J&rsquo;ai oubli\u00e9 mon login ou mon mot de passe. Si vous avez oubli\u00e9 votre login ou votre mot de passe, allez sur la page de connexion, cliquez sur le lien &lsquo;Login et\/ou mot de passe oubli\u00e9&nbsp;?&rsquo; et suivez les instructions.<\/p>\n","protected":false},"author":3,"featured_media":0,"parent":228,"menu_order":1,"comment_status":"closed","ping_status":"closed","template":"","meta":{"footnotes":""},"class_list":["post-241","page","type-page","status-publish","hentry"],"_links":{"self":[{"href":"https:\/\/www.thelanguagefocus.com\/fr\/wp-json\/wp\/v2\/pages\/241","targetHints":{"allow":["GET"]}}],"collection":[{"href":"https:\/\/www.thelanguagefocus.com\/fr\/wp-json\/wp\/v2\/pages"}],"about":[{"href":"https:\/\/www.thelanguagefocus.com\/fr\/wp-json\/wp\/v2\/types\/page"}],"author":[{"embeddable":true,"href":"https:\/\/www.thelanguagefocus.com\/fr\/wp-json\/wp\/v2\/users\/3"}],"replies":[{"embeddable":true,"href":"https:\/\/www.thelanguagefocus.com\/fr\/wp-json\/wp\/v2\/comments?post=241"}],"version-history":[{"count":0,"href":"https:\/\/www.thelanguagefocus.com\/fr\/wp-json\/wp\/v2\/pages\/241\/revisions"}],"up":[{"embeddable":true,"href":"https:\/\/www.thelanguagefocus.com\/fr\/wp-json\/wp\/v2\/pages\/228"}],"wp:attachment":[{"href":"https:\/\/www.thelanguagefocus.com\/fr\/wp-json\/wp\/v2\/media?parent=241"}],"curies":[{"name":"wp","href":"https:\/\/api.w.org\/{rel}","templated":true}]}}