{"id":240,"date":"2020-05-18T12:47:43","date_gmt":"2020-05-18T10:47:43","guid":{"rendered":"http:\/\/www.thelanguagefocus.com\/fr\/systeemvereisten\/"},"modified":"2020-05-28T10:04:12","modified_gmt":"2020-05-28T08:04:12","slug":"systeemvereisten","status":"publish","type":"page","link":"https:\/\/www.thelanguagefocus.com\/fr\/info\/technisch\/systeemvereisten\/","title":{"rendered":"Exigences du syst\u00e8me"},"content":{"rendered":"<h3>Machine utilisateur<\/h3>\n<p>En ce qui concernent les machines des utilisateurs de l&rsquo;\u00e9cole ou les ordinateurs des \u00e9l\u00e8ves ou des enseignants \u00e0 leur domicile, voici les exigences minimales&nbsp;:<\/p>\n<h4>PC<\/h4>\n<ul>\n<li>Windows XP ou plus<\/li>\n<li>Internet Explorer 7.0 ou plus\/ Firefox 3.0 ou plus<\/li>\n<li>R\u00e9solution d&rsquo;\u00e9cran 1024 x 768 ou plus<\/li>\n<\/ul>\n<h4>Macintosh<\/h4>\n<ul>\n<li>Mac OS X ou plus r\u00e9cent<\/li>\n<li>Firefox 3.0 ou plus<\/li>\n<li>R\u00e9solution d&rsquo;\u00e9cran 1024 x 768 ou plus<\/li>\n<\/ul>\n<h3>Le serveur (\u00e0 l&rsquo;\u00e9cole)<\/h3>\n<p>Pour une utilisation plus fluide des modules en ligne dans votre \u00e9tablissement, un <strong>serveur proxy<\/strong> est n\u00e9cessaire (votre-coordinateur TIC pourra vous renseigner).<\/p>\n","protected":false},"excerpt":{"rendered":"<p>Machine utilisateur En ce qui concernent les machines des utilisateurs de l&rsquo;\u00e9cole ou les ordinateurs des \u00e9l\u00e8ves ou des enseignants \u00e0 leur domicile, voici les exigences minimales&nbsp;: PC Windows XP ou plus Internet Explorer 7.0 ou plus\/ Firefox 3.0 ou<\/p>\n","protected":false},"author":2,"featured_media":0,"parent":220,"menu_order":0,"comment_status":"closed","ping_status":"closed","template":"","meta":{"footnotes":""},"class_list":["post-240","page","type-page","status-publish","hentry"],"_links":{"self":[{"href":"https:\/\/www.thelanguagefocus.com\/fr\/wp-json\/wp\/v2\/pages\/240","targetHints":{"allow":["GET"]}}],"collection":[{"href":"https:\/\/www.thelanguagefocus.com\/fr\/wp-json\/wp\/v2\/pages"}],"about":[{"href":"https:\/\/www.thelanguagefocus.com\/fr\/wp-json\/wp\/v2\/types\/page"}],"author":[{"embeddable":true,"href":"https:\/\/www.thelanguagefocus.com\/fr\/wp-json\/wp\/v2\/users\/2"}],"replies":[{"embeddable":true,"href":"https:\/\/www.thelanguagefocus.com\/fr\/wp-json\/wp\/v2\/comments?post=240"}],"version-history":[{"count":0,"href":"https:\/\/www.thelanguagefocus.com\/fr\/wp-json\/wp\/v2\/pages\/240\/revisions"}],"up":[{"embeddable":true,"href":"https:\/\/www.thelanguagefocus.com\/fr\/wp-json\/wp\/v2\/pages\/220"}],"wp:attachment":[{"href":"https:\/\/www.thelanguagefocus.com\/fr\/wp-json\/wp\/v2\/media?parent=240"}],"curies":[{"name":"wp","href":"https:\/\/api.w.org\/{rel}","templated":true}]}}