{"id":238,"date":"2020-05-18T12:47:43","date_gmt":"2020-05-18T10:47:43","guid":{"rendered":"http:\/\/www.thelanguagefocus.com\/fr\/onlineofcdrom\/"},"modified":"2024-01-15T10:06:47","modified_gmt":"2024-01-15T09:06:47","slug":"onlineofcdrom","status":"publish","type":"page","link":"https:\/\/www.thelanguagefocus.com\/fr\/info\/onlineofcdrom\/","title":{"rendered":"Utilisation en ligne"},"content":{"rendered":"<p>Les modules de <em>The Language Focus<\/em> sont propos\u00e9s <strong> en ligne<\/strong>. Pour savoir quels modules <em>The Language Focus<\/em> contient pr\u00e9cis\u00e9ment, jeter un coup d&rsquo;oeil aux rubriques suivantes en cliquant sur <a href=\"https:\/\/www.thelanguagefocus.com\/fr\/info\/inhoud\/nederlands\/\">n\u00e9erlandais<\/a>, <a href=\"https:\/\/www.thelanguagefocus.com\/fr\/info\/inhoud\/engels\/\">anglais<\/a>, <a href=\"https:\/\/www.thelanguagefocus.com\/fr\/info\/inhoud\/duits\/\">allemand<\/a> et  <a href=\"https:\/\/www.thelanguagefocus.com\/fr\/info\/inhoud\/frans\/\">fran\u00e7ais (FLE)<\/a>. Vous y trouverez une description du contenu, du groupe-cible et un inventaire d\u00e9taill\u00e9 de chacun des modules. <\/p>\n<p>L&rsquo;apprentissage en ligne permet \u00e0 l&rsquo;apprenant <strong>de s&rsquo;entra\u00eener autant qu&rsquo;il le souhaite<\/strong> depuis n&rsquo;importe quel lieu, ses r\u00e9sultats sont <strong>automatiquement sauvegard\u00e9s<\/strong> dans leur totalit\u00e9 et l&rsquo;enseignant a un acc\u00e8s illimit\u00e9 depuis n&rsquo;importe quel pc \u00e9quip\u00e9 d&rsquo;une connexion Internet aux exercices et <strong><a href=\"https:\/\/www.thelanguagefocus.com\/fr\/info\/resultatenbeheer\/\">\u00e0 la gestion des r\u00e9sultats<\/a><\/strong>.<\/p>\n<p>En fonction des modules souhait\u00e9s et du nombre d&rsquo;apprenants, <strong>trois formules en ligne <\/strong> vous sont propos\u00e9es&nbsp;:<\/p>\n<ul>\n<li><strong>\u00e0 l&rsquo;unit\u00e9<\/strong> : vous achetez une cl\u00e9 d&rsquo;enregistrement individuelle pour un module sp\u00e9cifique, par exemple pour le module <i>Grammaire &#8211; Anglais &#8211; 1<\/i>. Il est ainsi parfaitement possible de commander pour une classe pr\u00e9cise de 20 apprenants, par exemple, 20 cl\u00e9s d&rsquo;enregistrement pour un seul module. L&rsquo;enseignant re\u00e7oit cependant acc\u00e8s \u00e0 tous les exercices de tous les modules et au syst\u00e8me de gestion des r\u00e9sultats.<\/li>\n<li><strong>en bouquets<\/strong> : votre apprenant peut ainsi avoir acc\u00e8s \u00e0 tous les modules d&rsquo;une langue en particulier. Par exemple, les sept modules de fran\u00e7ais (FLE) : <i>Fran\u00e7ais Th\u00e8mes<\/i>, <i>Fran\u00e7ais Grammaire 1, 2, 3, T\u00e9l\u00e9phoner, \u00c9crire<\/i> et <i>Verbes<\/i>. L&rsquo;enseignant re\u00e7oit quant \u00e0 lui acc\u00e8s \u00e0 tous les exercices de tous les modules et au syst\u00e8me de gestion des r\u00e9sultats.<\/li>\n<li><strong>The Language Focus All-In<\/strong> : c&rsquo;est notre formule la plus compl\u00e8te. Votre \u00e9tablissement scolaire peut souscrire \u00e0 un abonnnement donnant acc\u00e8s aux apprenants enregistr\u00e9s \u00e0 tous les modules de toutes les langues pendant un an. Les enseignants ont acc\u00e8s \u00e0 tous les exercices, au syst\u00e8me de gestion des r\u00e9sultats et \u00e0 l&rsquo;outil de conception permettant de concevoir et d&rsquo;ajouter leurs propres exercices en ligne.<\/li>\n<\/ul>\n<p>Pour en savoir plus sur les prix de ces trois formules num\u00e9riques, cliquez sur <a href=\"https:\/\/www.thelanguagefocus.com\/fr\/info\/prijzen\/\">Prix<\/a>.<\/p>\n","protected":false},"excerpt":{"rendered":"<p>Les modules de The Language Focus sont propos\u00e9s en ligne. Pour savoir quels modules The Language Focus contient pr\u00e9cis\u00e9ment, jeter un coup d&rsquo;oeil aux rubriques suivantes en cliquant sur n\u00e9erlandais, anglais, allemand et fran\u00e7ais (FLE). Vous y trouverez une description<\/p>\n","protected":false},"author":4,"featured_media":0,"parent":215,"menu_order":2,"comment_status":"closed","ping_status":"closed","template":"","meta":{"footnotes":""},"class_list":["post-238","page","type-page","status-publish","hentry"],"_links":{"self":[{"href":"https:\/\/www.thelanguagefocus.com\/fr\/wp-json\/wp\/v2\/pages\/238","targetHints":{"allow":["GET"]}}],"collection":[{"href":"https:\/\/www.thelanguagefocus.com\/fr\/wp-json\/wp\/v2\/pages"}],"about":[{"href":"https:\/\/www.thelanguagefocus.com\/fr\/wp-json\/wp\/v2\/types\/page"}],"author":[{"embeddable":true,"href":"https:\/\/www.thelanguagefocus.com\/fr\/wp-json\/wp\/v2\/users\/4"}],"replies":[{"embeddable":true,"href":"https:\/\/www.thelanguagefocus.com\/fr\/wp-json\/wp\/v2\/comments?post=238"}],"version-history":[{"count":0,"href":"https:\/\/www.thelanguagefocus.com\/fr\/wp-json\/wp\/v2\/pages\/238\/revisions"}],"up":[{"embeddable":true,"href":"https:\/\/www.thelanguagefocus.com\/fr\/wp-json\/wp\/v2\/pages\/215"}],"wp:attachment":[{"href":"https:\/\/www.thelanguagefocus.com\/fr\/wp-json\/wp\/v2\/media?parent=238"}],"curies":[{"name":"wp","href":"https:\/\/api.w.org\/{rel}","templated":true}]}}