{"id":237,"date":"2020-05-18T12:47:43","date_gmt":"2020-05-18T10:47:43","guid":{"rendered":"http:\/\/www.thelanguagefocus.com\/fr\/resultatenbeheer\/"},"modified":"2020-05-28T10:03:45","modified_gmt":"2020-05-28T08:03:45","slug":"resultatenbeheer","status":"publish","type":"page","link":"https:\/\/www.thelanguagefocus.com\/fr\/info\/resultatenbeheer\/","title":{"rendered":"Gestion des r\u00e9sultats"},"content":{"rendered":"<p>Dans <em>The&nbsp;Language&nbsp;Focus<\/em>, l&rsquo;enseignant a gratuitement acc\u00e8s au module <strong><i>a\u00b7c\u00b7e<\/i> Instructor<\/strong>, qui est \u00e0 la fois un syst\u00e8me de gestion des <strong>r\u00e9sultats<\/strong> et de <strong>classes<\/strong>. D\u00e8s que les apprenants commencent \u00e0 faire des exercices, leurs r\u00e9sultats sont automatiquement sauvegard\u00e9s. L&rsquo;enseignant a acc\u00e8s \u00e0 n&rsquo;importe quel moment et depuis n&rsquo;importe quel pc dot\u00e9 d&rsquo;une connexion \u00e0 Internet, c&rsquo;est-\u00e0-dire depuis l&rsquo;\u00e9cole ou la maison,  aux r\u00e9sultats de ses \u00e9l\u00e8ves.<\/p>\n<p>Dans <strong><i>a\u00b7c\u00b7e<\/i> Instructor<\/strong>, l&rsquo;enseignant dispose de nombreuses possibilit\u00e9s :<\/p>\n<ul>\n<li>Vous pouvez cr\u00e9er des <strong>groupes<\/strong> : des groupes d&rsquo;\u00e9coles, de classes ou d&rsquo;apprenants.<\/li>\n<li>Vous pouvez consulter les r\u00e9sultats des exercices <strong>par apprenant<\/strong> ou <strong>par exercice<\/strong>.<\/li>\n<li>Vous pouvez <strong>trier<\/strong> les scores sur une p\u00e9riode de temps particuli\u00e8re (par exemple, les deux semaines pr\u00e9c\u00e9dentes), selon un pourcentage particulier (par exemple tous les r\u00e9sultats au-dessus de 85%), ou selon la date, l&rsquo;heure ou le score.<\/li>\n<li>Vous pouvez demander un <strong>rapport<\/strong> clairement pr\u00e9sent\u00e9 des r\u00e9sultats des exercices.<\/li>\n<li>Si vous cliquez sur un exercice, vous ouvrez l&rsquo;<strong>exercice d&rsquo;origine<\/strong> avec toutes les r\u00e9ponses saisies par les apprenants.<\/li>\n<li>Les <strong>scores<\/strong> sont g\u00e9n\u00e9r\u00e9s automatiquement, mais vous pouvez encore les <strong>adapter<\/strong> par la suite.  Vous pouvez \u00e9galement <strong>exclure<\/strong> certains scores du calcul de la moyenne.<\/li>\n<\/ul>\n<p>En outre, vous pouvez demander, pour chaque exercice,  des informations suppl\u00e9mentaires&nbsp;:<\/p>\n<ul>\n<li>une vue d&rsquo;ensemble contenant les t\u00e2ches, les r\u00e9ponses et tous les feedbacks&nbsp;;<\/li>\n<li>un inventaire de tous les exercices d&rsquo;un module.<\/li>\n<\/ul>\n","protected":false},"excerpt":{"rendered":"<p>Dans The&nbsp;Language&nbsp;Focus, l&rsquo;enseignant a gratuitement acc\u00e8s au module a\u00b7c\u00b7e Instructor, qui est \u00e0 la fois un syst\u00e8me de gestion des r\u00e9sultats et de classes. D\u00e8s que les apprenants commencent \u00e0 faire des exercices, leurs r\u00e9sultats sont automatiquement sauvegard\u00e9s. L&rsquo;enseignant a<\/p>\n","protected":false},"author":4,"featured_media":0,"parent":215,"menu_order":3,"comment_status":"closed","ping_status":"closed","template":"","meta":{"footnotes":""},"class_list":["post-237","page","type-page","status-publish","hentry"],"_links":{"self":[{"href":"https:\/\/www.thelanguagefocus.com\/fr\/wp-json\/wp\/v2\/pages\/237","targetHints":{"allow":["GET"]}}],"collection":[{"href":"https:\/\/www.thelanguagefocus.com\/fr\/wp-json\/wp\/v2\/pages"}],"about":[{"href":"https:\/\/www.thelanguagefocus.com\/fr\/wp-json\/wp\/v2\/types\/page"}],"author":[{"embeddable":true,"href":"https:\/\/www.thelanguagefocus.com\/fr\/wp-json\/wp\/v2\/users\/4"}],"replies":[{"embeddable":true,"href":"https:\/\/www.thelanguagefocus.com\/fr\/wp-json\/wp\/v2\/comments?post=237"}],"version-history":[{"count":0,"href":"https:\/\/www.thelanguagefocus.com\/fr\/wp-json\/wp\/v2\/pages\/237\/revisions"}],"up":[{"embeddable":true,"href":"https:\/\/www.thelanguagefocus.com\/fr\/wp-json\/wp\/v2\/pages\/215"}],"wp:attachment":[{"href":"https:\/\/www.thelanguagefocus.com\/fr\/wp-json\/wp\/v2\/media?parent=237"}],"curies":[{"name":"wp","href":"https:\/\/api.w.org\/{rel}","templated":true}]}}