{"id":233,"date":"2020-05-18T12:47:43","date_gmt":"2020-05-18T10:47:43","guid":{"rendered":"http:\/\/www.thelanguagefocus.com\/fr\/aanvragen-informatie\/"},"modified":"2023-03-03T10:57:39","modified_gmt":"2023-03-03T09:57:39","slug":"aanvragen-informatie","status":"publish","type":"page","link":"https:\/\/www.thelanguagefocus.com\/fr\/contact\/aanvragen-informatie\/","title":{"rendered":"Demande d&rsquo;informations"},"content":{"rendered":"<ul>\n<li>Si vous souhaitez plus d&rsquo;informations sur <em>The&nbsp;Language&nbsp;Focus<\/em> ou si vous avez des <strong>questions<\/strong> sur les diff\u00e9rentes formules que nous proposons, sur les contenus, le fonctionnement technique, une impl\u00e9mentation \u00e9ventuelle dans votre \u00e9cole, etc. &#8230;<\/li>\n<li>Si vous vous demandez quelle formule de <em>The&nbsp;Language&nbsp;Focus<\/em> est la plus avantageuse pour vous, ou si vous souhaitez <strong>une offre sans obligation d&rsquo;achats<\/strong> propre \u00e0 votre situation&#8230;<\/li>\n<\/ul>\n<p>&#8230; <strong>n&rsquo;h\u00e9sitez pas \u00e0 nous contacter !<\/strong><\/p>\n<table border=\"0\" cellspacing=\"0\" cellpadding=\"0\" style=\"border-collapse:collapse;\">\n<tr valign=\"top\">\n<td>\n    <strong>Par courriel<\/strong>\n  <\/td>\n<td>\n<p>Envoyez-nous un message \u00e0 l&rsquo;adresse suivante : <strong><a href=\"mailto:contact@explio.com\">contact@explio.com<\/a><\/strong>.<\/p>\n<\/td>\n<\/tr>\n<tr valign=\"top\">\n<td>\n   <strong>Via&nbsp;notre&nbsp;site Web<\/strong>&nbsp;&nbsp;&nbsp;\n  <\/td>\n<td>\n<p>Remplissez notre <strong><a href=\"https:\/\/www.thelanguagefocus.com\/fr\/contact\/contactform\/\">formulaire de contact en ligne<\/a><\/strong>.<\/p>\n<\/td>\n<\/tr>\n<tr valign=\"top\">\n<td>\n    <strong>Per&nbsp;telefoon<\/strong>&nbsp;&nbsp;&nbsp;\n  <\/td>\n<td>\n<p>Bel ons op het nummer <strong>09 210 57 54<\/strong>.<\/p>\n<\/td>\n<\/tr>\n<\/table>\n","protected":false},"excerpt":{"rendered":"<p>Si vous souhaitez plus d&rsquo;informations sur The&nbsp;Language&nbsp;Focus ou si vous avez des questions sur les diff\u00e9rentes formules que nous proposons, sur les contenus, le fonctionnement technique, une impl\u00e9mentation \u00e9ventuelle dans votre \u00e9cole, etc. &#8230; Si vous vous demandez quelle formule<\/p>\n","protected":false},"author":2,"featured_media":0,"parent":217,"menu_order":2,"comment_status":"closed","ping_status":"closed","template":"","meta":{"footnotes":""},"class_list":["post-233","page","type-page","status-publish","hentry"],"_links":{"self":[{"href":"https:\/\/www.thelanguagefocus.com\/fr\/wp-json\/wp\/v2\/pages\/233","targetHints":{"allow":["GET"]}}],"collection":[{"href":"https:\/\/www.thelanguagefocus.com\/fr\/wp-json\/wp\/v2\/pages"}],"about":[{"href":"https:\/\/www.thelanguagefocus.com\/fr\/wp-json\/wp\/v2\/types\/page"}],"author":[{"embeddable":true,"href":"https:\/\/www.thelanguagefocus.com\/fr\/wp-json\/wp\/v2\/users\/2"}],"replies":[{"embeddable":true,"href":"https:\/\/www.thelanguagefocus.com\/fr\/wp-json\/wp\/v2\/comments?post=233"}],"version-history":[{"count":0,"href":"https:\/\/www.thelanguagefocus.com\/fr\/wp-json\/wp\/v2\/pages\/233\/revisions"}],"up":[{"embeddable":true,"href":"https:\/\/www.thelanguagefocus.com\/fr\/wp-json\/wp\/v2\/pages\/217"}],"wp:attachment":[{"href":"https:\/\/www.thelanguagefocus.com\/fr\/wp-json\/wp\/v2\/media?parent=233"}],"curies":[{"name":"wp","href":"https:\/\/api.w.org\/{rel}","templated":true}]}}