{"id":232,"date":"2020-05-18T12:47:43","date_gmt":"2020-05-18T10:47:43","guid":{"rendered":"http:\/\/www.thelanguagefocus.com\/fr\/aanvragen-demo\/"},"modified":"2023-03-03T10:54:13","modified_gmt":"2023-03-03T09:54:13","slug":"aanvragen-demo","status":"publish","type":"page","link":"https:\/\/www.thelanguagefocus.com\/fr\/contact\/aanvragen-demo\/","title":{"rendered":"Faire une demande de d\u00e9mo"},"content":{"rendered":"<p>C&rsquo;est avec grand plaisir qu&rsquo;eXplio se propose de vous faire une d\u00e9monstration de <em>The&nbsp;Language&nbsp;Focus<\/em> dans votre \u00e9tablissement !<\/p>\n<p>Si vous \u00eates int\u00e9ress\u00e9s par une <strong>d\u00e9monstratie compl\u00e8te, gratuite et sans obligation d&rsquo;achat<\/strong> pour vous et vos coll\u00e8gues, vous pouvez nous contacter de la fa\u00e7on suivante :<\/p>\n<table border=\"0\" cellspacing=\"0\" cellpadding=\"0\" style=\"border-collapse:collapse;\">\n<tr valign=\"top\">\n<td>\n   <strong>Par courriel<\/strong>\n  <\/td>\n<td>\n<p>Envoyez un message \u00e0 l&rsquo;adresse suivante : <strong><a href=\"mailto:contact@explio.com\">contact@explio.com<\/a><\/strong>.<br \/>\nVeuillez mentionner votre nom, le nom et l&rsquo;adresse de votre \u00e9cole, votre e-mail adresse ou \/ou votre num\u00e9ro de t\u00e9l\u00e9phone, afin que nous puissions vous contacter pour prendre rendez-vous.<\/p>\n<\/td>\n<\/tr>\n<tr valign=\"top\">\n<td>\n   <strong>Via&nbsp;notre&nbsp;site Web<\/strong>&nbsp;&nbsp;&nbsp;\n  <\/td>\n<td>\n<p>Remplissez notre <strong><a href=\"https:\/\/www.thelanguagefocus.com\/fr\/contact\/contactform\/\">formulaire de contact en ligne<\/a><\/strong> in.<\/p>\n<\/td>\n<\/tr>\n<tr valign=\"top\">\n<td>\n   <strong>Par&nbsp;t\u00e9l\u00e9phone<\/strong>\n  <\/td>\n<td>\n<p>Appelez-nous au num\u00e9ro <strong>09 210 57 54<\/strong>.<\/p>\n<\/td>\n<\/tr>\n<\/table>\n","protected":false},"excerpt":{"rendered":"<p>C&rsquo;est avec grand plaisir qu&rsquo;eXplio se propose de vous faire une d\u00e9monstration de The&nbsp;Language&nbsp;Focus dans votre \u00e9tablissement ! Si vous \u00eates int\u00e9ress\u00e9s par une d\u00e9monstratie compl\u00e8te, gratuite et sans obligation d&rsquo;achat pour vous et vos coll\u00e8gues, vous pouvez nous contacter<\/p>\n","protected":false},"author":2,"featured_media":0,"parent":217,"menu_order":1,"comment_status":"closed","ping_status":"closed","template":"","meta":{"footnotes":""},"class_list":["post-232","page","type-page","status-publish","hentry"],"_links":{"self":[{"href":"https:\/\/www.thelanguagefocus.com\/fr\/wp-json\/wp\/v2\/pages\/232","targetHints":{"allow":["GET"]}}],"collection":[{"href":"https:\/\/www.thelanguagefocus.com\/fr\/wp-json\/wp\/v2\/pages"}],"about":[{"href":"https:\/\/www.thelanguagefocus.com\/fr\/wp-json\/wp\/v2\/types\/page"}],"author":[{"embeddable":true,"href":"https:\/\/www.thelanguagefocus.com\/fr\/wp-json\/wp\/v2\/users\/2"}],"replies":[{"embeddable":true,"href":"https:\/\/www.thelanguagefocus.com\/fr\/wp-json\/wp\/v2\/comments?post=232"}],"version-history":[{"count":0,"href":"https:\/\/www.thelanguagefocus.com\/fr\/wp-json\/wp\/v2\/pages\/232\/revisions"}],"up":[{"embeddable":true,"href":"https:\/\/www.thelanguagefocus.com\/fr\/wp-json\/wp\/v2\/pages\/217"}],"wp:attachment":[{"href":"https:\/\/www.thelanguagefocus.com\/fr\/wp-json\/wp\/v2\/media?parent=232"}],"curies":[{"name":"wp","href":"https:\/\/api.w.org\/{rel}","templated":true}]}}