{"id":228,"date":"2020-05-18T12:47:43","date_gmt":"2020-05-18T10:47:43","guid":{"rendered":"http:\/\/www.thelanguagefocus.com\/fr\/faq\/"},"modified":"2020-05-18T23:31:17","modified_gmt":"2020-05-18T21:31:17","slug":"faq","status":"publish","type":"page","link":"https:\/\/www.thelanguagefocus.com\/fr\/support\/faq\/","title":{"rendered":"FAQ"},"content":{"rendered":"<p>Si, lors de votre utilisation de <em>The&nbsp;Language&nbsp;Focus<\/em>, vous rencontrez une difficult\u00e9, vous trouverez probablement une solution dans <strong>l&rsquo;une des listes FAQ<\/strong> suivantes que vous pouvez consulter en cliquant sur les liens ci-dessous.<\/p>\n<p>Conseil : pour trouver la r\u00e9ponse \u00e0 une question, utilisez donc la <strong>fonction Recherche<\/strong> en haut \u00e0 droite. Saisissez un mot-cl\u00e9, cliquez sur &lsquo;Chercher&rsquo; et les listes FAQ et toutes les pages contenant le sujet demand\u00e9 appara\u00eetront.<\/p>\n<h3>Aller plus loin&#8230;<\/h3>\n<ul>\n<li><a href=\"https:\/\/www.thelanguagefocus.com\/fr\/support\/faq\/faq-toegang\/\">FAQ &#8211; Acc\u00e8s \u00e0 l&rsquo;environnement<\/a><\/li>\n<li><a href=\"https:\/\/www.thelanguagefocus.com\/fr\/support\/faq\/faq-oefeningen\/\">FAQ &#8211; Faire des exercices<\/a><\/li>\n<li><a href=\"https:\/\/www.thelanguagefocus.com\/fr\/support\/faq\/faq-leerkrachten\/\">FAQ &#8211; Pour les enseignants<\/a><\/li>\n<li><a href=\"https:\/\/www.thelanguagefocus.com\/fr\/support\/faq\/faq-varia\/\">FAQ &#8211; Autres<\/a><\/li>\n<\/ul>\n<p>Si vous ne trouvez pas de r\u00e9ponse \u00e0 votre souci, contactez le service-client d&rsquo;eXplio au num\u00e9ro 09\/210 57 54 ou via <a href=\"mailto:support@explio.com\">mailto:support@explio.com<\/a>.<\/p>\n","protected":false},"excerpt":{"rendered":"<p>Si, lors de votre utilisation de The&nbsp;Language&nbsp;Focus, vous rencontrez une difficult\u00e9, vous trouverez probablement une solution dans l&rsquo;une des listes FAQ suivantes que vous pouvez consulter en cliquant sur les liens ci-dessous. Conseil : pour trouver la r\u00e9ponse \u00e0 une<\/p>\n","protected":false},"author":3,"featured_media":0,"parent":216,"menu_order":3,"comment_status":"closed","ping_status":"closed","template":"","meta":{"footnotes":""},"class_list":["post-228","page","type-page","status-publish","hentry"],"_links":{"self":[{"href":"https:\/\/www.thelanguagefocus.com\/fr\/wp-json\/wp\/v2\/pages\/228","targetHints":{"allow":["GET"]}}],"collection":[{"href":"https:\/\/www.thelanguagefocus.com\/fr\/wp-json\/wp\/v2\/pages"}],"about":[{"href":"https:\/\/www.thelanguagefocus.com\/fr\/wp-json\/wp\/v2\/types\/page"}],"author":[{"embeddable":true,"href":"https:\/\/www.thelanguagefocus.com\/fr\/wp-json\/wp\/v2\/users\/3"}],"replies":[{"embeddable":true,"href":"https:\/\/www.thelanguagefocus.com\/fr\/wp-json\/wp\/v2\/comments?post=228"}],"version-history":[{"count":0,"href":"https:\/\/www.thelanguagefocus.com\/fr\/wp-json\/wp\/v2\/pages\/228\/revisions"}],"up":[{"embeddable":true,"href":"https:\/\/www.thelanguagefocus.com\/fr\/wp-json\/wp\/v2\/pages\/216"}],"wp:attachment":[{"href":"https:\/\/www.thelanguagefocus.com\/fr\/wp-json\/wp\/v2\/media?parent=228"}],"curies":[{"name":"wp","href":"https:\/\/api.w.org\/{rel}","templated":true}]}}