{"id":225,"date":"2020-05-18T12:47:43","date_gmt":"2020-05-18T10:47:43","guid":{"rendered":"http:\/\/www.thelanguagefocus.com\/fr\/duits\/"},"modified":"2024-08-12T17:09:19","modified_gmt":"2024-08-12T15:09:19","slug":"duits","status":"publish","type":"page","link":"https:\/\/www.thelanguagefocus.com\/fr\/info\/inhoud\/duits\/","title":{"rendered":"Allemand"},"content":{"rendered":"<h3>Description<\/h3>\n<p><em>The&nbsp;Language&nbsp;Focus<\/em> est compos\u00e9 de +\/- 1200 exercices d&rsquo;<strong>allemand<\/strong>, ind\u00e9pendants de toute m\u00e9thode, regroup\u00e9s en quatre modules diff\u00e9rents: un module d&rsquo;exercices th\u00e9matiques, un module de grammaire, un module T\u00e9l\u00e9phoner et un module d&rsquo;exercices de drill sur les verbes. Les <strong>exercices th\u00e9matiques<\/strong> sont des exercices b\u00e2tis autour d&rsquo;environ 17 th\u00e8mes lexicaux, dans lesquels l&rsquo;accent est mis sur les quatre comp\u00e9tences communicatives tout en int\u00e9grant vocabulaire et grammaire. Le <strong>module de grammaire<\/strong> a naturellement pour but d&rsquo;appronfondir les connaissances grammaticales mais l\u00e0 aussi, tout en int\u00e9grant les quatre comp\u00e9tences communicatives. Le module <strong>T\u00e9l\u00e9phoner<\/strong> met l&rsquo;accent sur les comp\u00e9tences de production et de compr\u00e9hension orales. Les <strong>exercices de drill<\/strong> ont pour but de pouvoir s&rsquo;entrainer de fa\u00e7on intensive \u00e0 la conjugaison des verbes en allemand. L\u2019enseignant peut puiser dans les exercices selon les besoins ou les d\u00e9sirs qui se manifestent : diff\u00e9rentiation, rem\u00e9diation, devoirs \u00e0 la maison, rattrapage, devoirs de vacances, travail personnel de l&rsquo;\u00e9l\u00e8ve,&#8230;<\/p>\n<h3>Groupe cible<\/h3>\n<p>Le groupe cible des exercices des modules d&rsquo;allemand de <em>The&nbsp;Language&nbsp;Focus<\/em> est d\u00e9crit pour chacun des modules dans le tableau ci-dessous. Attention ! Les modules n&rsquo;ont pas \u00e9t\u00e9 con\u00e7us uniquement comme \u00ab\u00a0outils d&rsquo;apprentissage\u00a0\u00bb mais \u00e9galement comme \u00ab\u00a0outils de rafra\u00eechissement des connaissances\u00a0\u00bb ou \u00ab\u00a0d&rsquo;approfondissement des pr\u00e9-requis\u00a0\u00bb. Tous les exercices sont donc \u00e9galement parfaitement adapt\u00e9s pour les <strong>utilisateurs adultes<\/strong> qui, selon leur niveau, de fa\u00e7on autonome ou en compl\u00e9ment du suivi d&rsquo;un cours souhaitent \u00e9largir leurs connaissances en allemand.<\/p>\n<table class=\"table_brown\" cellspacing=\"0\" cellpadding=\"0\">\n<tr>\n<th width=\"145\">Module<\/th>\n<th>Groupe cible<\/th>\n<\/tr>\n<tr valign=\"top\">\n<td>\n<p><strong>DE Themen<br \/>(A1\/A2\/B1)<\/strong><\/p>\n<p><a href=\"http:\/\/www.thelanguagefocus.com\/docs\/inv\/TLFFR-DE_Themen.htm\" target=\"_blank\" rel=\"noopener noreferrer\">Inventaire<\/a><\/p>\n<\/td>\n<td>\n<p>Les <strong>exercices th\u00e9matiques en allemand<\/strong> s&rsquo;adressent aux d\u00e9butants, mais les \u00e9l\u00e8ves ayant d\u00e9j\u00e0 suivi 30 heures ou plus d&rsquo;allemand peuvent utiliser ces exercices pour rafra\u00eechir ou \u00e9largir leurs connaissances en vocabulaire, en grammaire et travailler les quatre comp\u00e9tences communicatives.<\/p>\n<p>Le module <strong>DE Themen (A1\/A2\/B1)<\/strong> se positionne en grande partie entre les niveaux <i>D\u00e9butant &#8211; Faux-d\u00e9butant<\/i> (A1) et <i>\u00c9l\u00e9mentaire<\/i> (A2) du <i> Cadre Europ\u00e9en Commun de R\u00e9f\u00e9rence pour les Langues<\/i>, et atteint en petite partie le niveau <i>Pr\u00e9-\u00e9l\u00e9mentaire<\/i> (B1).<\/p>\n<\/p>\n<\/td>\n<\/tr>\n<tr valign=\"top\">\n<td>\n<p><strong>DE Grammatik<br \/>(A1\/A2\/B1)<\/strong><\/p>\n<p><a href=\"http:\/\/www.thelanguagefocus.com\/docs\/inv\/TLFFR-DE_Grammatik.htm\" target=\"_blank\" rel=\"noopener noreferrer\">Inventaire<\/a><\/p>\n<\/td>\n<td>\n<p>Les <strong>exercices de grammaire en allemand<\/strong> s&rsquo;adressent aux d\u00e9butants mais les \u00e9l\u00e8ves ayant d\u00e9j\u00e0 suivi 30 heures ou plus d&rsquo;allemand peuvent utiliser ces exercices pour rafra\u00eechir ou \u00e9largir leurs connaissances grammaticales. Tous les th\u00e8mes de la grammaire de base sont trait\u00e9s.<\/p>\n<p>Le module <strong>DE Grammatik (A1\/A2\/B1)<\/strong> se positionne en grande partie entre les niveaux <i>D\u00e9butant &#8211; Faux-d\u00e9butant<\/i> (A1) et <i>\u00c9l\u00e9mentaire<\/i> (A2) du <i> Cadre Europ\u00e9en Commun de R\u00e9f\u00e9rence pour les Langues<\/i>, et atteint en petite partie le niveau <i>Pr\u00e9-\u00e9l\u00e9mentaire<\/i> (B1).<\/p>\n<\/td>\n<\/tr>\n<tr valign=\"top\">\n<td>\n<p><strong>DE Telefonieren<br \/>(A2\/B1)<\/strong><\/p>\n<p><a href=\"http:\/\/www.thelanguagefocus.com\/docs\/inv\/TLFFR-DE_Telefonieren.htm\" target=\"_blank\" rel=\"noopener noreferrer\">Inventaire<\/a><\/p>\n<\/td>\n<td>\n<p>Les exercices du module <strong>DE Telefonieren (A2\/B1)<\/strong> s&rsquo;adressent en principe aux apprenants ayant d\u00e9j\u00e0 des connaissances de base en allemand et qui souhaitent pouvoir t\u00e9l\u00e9phoner correctement dans cette langue. Les exercices sont particuli\u00e8rement adapt\u00e9s pour les apprenants des fili\u00e8res Commerce et Secr\u00e9tariat ou pour les apprenants qui en plus d&rsquo;un enseignement en allemand g\u00e9n\u00e9ral suivent une ou plusieurs heures d&rsquo;allemand professionnel. <\/p>\n<p>Le niveau de ces exercices correspondent aux niveaux <i>\u00c9l\u00e9mentaire<\/i> (A2) et <i>Pr\u00e9-interm\u00e9diaire<\/i> (B1) du <i> Cadre Europ\u00e9en Commun de R\u00e9f\u00e9rence pour les Langues.<\/p>\n<\/td>\n<\/tr>\n<tr valign=\"top\">\n<td>\n<p><strong>DE Verben<\/strong><\/p>\n<p><a href=\"http:\/\/www.thelanguagefocus.com\/docs\/inv\/TLFFR-DE_Verben.htm\" target=\"_blank\" rel=\"noopener noreferrer\">Inventaire<\/a><\/p>\n<\/td>\n<td>\n<p>Les <strong>exercices de drill<\/strong> du module <strong>DE Verben<\/strong> ont \u00e9t\u00e9 con\u00e7us comme outil de rem\u00e9diation pour tous ceux qui apprennent l&rsquo;allemand, quelles que soient les \u00e9tudes suivies.<\/p>\n<p>La conjugaison des verbes en allemand repr\u00e9sente une r\u00e9elle difficult\u00e9 pour beaucoup d&rsquo;apprenants, parfois m\u00eame pour ceux qui ont d\u00e9j\u00e0 suivi un cours d&rsquo;allemand. Un entra\u00eenement intensif des verbes est la meilleure mani\u00e8re de travailler la conjugaison des verbes en allemand pour arriver \u00e0 les employer rapidement et sans r\u00e9fl\u00e9chir, et ce, \u00e0 tous les niveaux.<\/p>\n<\/td>\n<\/tr>\n<\/table>\n","protected":false},"excerpt":{"rendered":"<p>Description The&nbsp;Language&nbsp;Focus est compos\u00e9 de +\/- 1200 exercices d&rsquo;allemand, ind\u00e9pendants de toute m\u00e9thode, regroup\u00e9s en quatre modules diff\u00e9rents: un module d&rsquo;exercices th\u00e9matiques, un module de grammaire, un module T\u00e9l\u00e9phoner et un module d&rsquo;exercices de drill sur les verbes. Les exercices<\/p>\n","protected":false},"author":4,"featured_media":0,"parent":218,"menu_order":4,"comment_status":"closed","ping_status":"closed","template":"","meta":{"footnotes":""},"class_list":["post-225","page","type-page","status-publish","hentry"],"_links":{"self":[{"href":"https:\/\/www.thelanguagefocus.com\/fr\/wp-json\/wp\/v2\/pages\/225","targetHints":{"allow":["GET"]}}],"collection":[{"href":"https:\/\/www.thelanguagefocus.com\/fr\/wp-json\/wp\/v2\/pages"}],"about":[{"href":"https:\/\/www.thelanguagefocus.com\/fr\/wp-json\/wp\/v2\/types\/page"}],"author":[{"embeddable":true,"href":"https:\/\/www.thelanguagefocus.com\/fr\/wp-json\/wp\/v2\/users\/4"}],"replies":[{"embeddable":true,"href":"https:\/\/www.thelanguagefocus.com\/fr\/wp-json\/wp\/v2\/comments?post=225"}],"version-history":[{"count":0,"href":"https:\/\/www.thelanguagefocus.com\/fr\/wp-json\/wp\/v2\/pages\/225\/revisions"}],"up":[{"embeddable":true,"href":"https:\/\/www.thelanguagefocus.com\/fr\/wp-json\/wp\/v2\/pages\/218"}],"wp:attachment":[{"href":"https:\/\/www.thelanguagefocus.com\/fr\/wp-json\/wp\/v2\/media?parent=225"}],"curies":[{"name":"wp","href":"https:\/\/api.w.org\/{rel}","templated":true}]}}