{"id":224,"date":"2020-05-18T12:47:43","date_gmt":"2020-05-18T10:47:43","guid":{"rendered":"http:\/\/www.thelanguagefocus.com\/fr\/engels\/"},"modified":"2024-08-12T17:06:17","modified_gmt":"2024-08-12T15:06:17","slug":"engels","status":"publish","type":"page","link":"https:\/\/www.thelanguagefocus.com\/fr\/info\/inhoud\/engels\/","title":{"rendered":"Anglais"},"content":{"rendered":"<h3>Description<\/h3>\n<p><em>The&nbsp;Language&nbsp;Focus<\/em> est compos\u00e9 de +\/- 1000 exercices d&rsquo;<strong>anglais<\/strong> ind\u00e9pendants de toute m\u00e9thode, regroup\u00e9s en six modules diff\u00e9rents : un module d&rsquo;exercices th\u00e9matiques, deux modules grammaticaux, un module de conjugaison de verbes, un module T\u00e9l\u00e9phoner et un module \u00c9crire. Les <strong>exercices th\u00e9matiques<\/strong> sont des exercices b\u00e2tis autour d&rsquo;environ 17 th\u00e8mes lexicaux, dans lesquels l&rsquo;accent est mis sur les quatre comp\u00e9tences communicatives tout en int\u00e9grant vocabulaire et grammaire. Les deux <strong>modules de grammaire<\/strong> ont naturellement pour but d&rsquo;appronfondir les connaissances grammaticales mais l\u00e0 aussi, tout en int\u00e9grant les quatre comp\u00e9tences communicatives. Le module <strong>T\u00e9l\u00e9phoner<\/strong> met l&rsquo;accent sur les comp\u00e9tences de production et de compr\u00e9hension orales, tandis que le module <strong>\u00c9crire<\/strong> insiste plut\u00f4t sur les comp\u00e9tences de production et de compr\u00e9hension \u00e9crites. L\u2019enseignant peut puiser dans les exercices selon les besoins ou les d\u00e9sirs qu&rsquo;il rencontre : diff\u00e9rentiation, rem\u00e9diation, devoirs \u00e0 la maison, rattrapage, devoirs de vacances, travail personnel de l&rsquo;\u00e9l\u00e8ve,&#8230;<\/p>\n<h3>Groupe cible<\/h3>\n<p>Le groupe cible des exercices des modules d&rsquo;anglais de <em>The&nbsp;Language&nbsp;Focus<\/em> est d\u00e9crit pour chacun des modules dans le tableau ci-dessous. Attention ! Les modules n&rsquo;ont pas \u00e9t\u00e9 con\u00e7us uniquement comme \u00ab\u00a0outils d&rsquo;apprentissage\u00a0\u00bb mais \u00e9galement comme \u00ab\u00a0outils de rafra\u00eechissement des connaissances\u00a0\u00bb ou \u00ab\u00a0d&rsquo;approfondissement des pr\u00e9-requis\u00a0\u00bb. Tous les exercices sont donc \u00e9galement parfaitement adapt\u00e9s pour les <strong>utilisateurs adultes<\/strong> qui, selon leur niveau, de fa\u00e7on autonome ou en compl\u00e9ment du suivi d&rsquo;un cours souhaitent \u00e9largir leurs connaissances en anglais.<\/p>\n<table class=\"table_brown\" cellspacing=\"0\" cellpadding=\"0\">\n<tr>\n<th width=\"145\">Module<\/th>\n<th>Groupe cible<\/th>\n<\/tr>\n<tr valign=\"top\">\n<td>\n<p><strong>EN Themes<br \/>(B1\/B2)<\/strong><\/p>\n<p><a href=\"http:\/\/www.thelanguagefocus.com\/docs\/inv\/TLFFR-EN_Themes.htm\" target=\"_blank\" rel=\"noopener noreferrer\">Inventaire<\/a><\/p>\n<\/td>\n<td>\n<p>Les exercices du module <strong>EN Themes (B1\/B2)<\/strong> s&rsquo;adressent \u00e0 des apprenants ayant d\u00e9j\u00e0 suivi 30 heures de cours d&rsquo;anglais. Les apprenants ayant suivi davantage d&rsquo;heures peuvent \u00e9galement parcourir ces exercices pour rafra\u00eechir ou \u00e9largir leurs connaissances en vocabulaire, en grammaire et travailler les quatre comp\u00e9tences communicatives.<\/p>\n<p>Le module <strong>EN Themes (B1\/B2)<\/strong> se positionne en grande partie entre les niveaux <i>Pr\u00e9-interm\u00e9diare<\/i> (B1) et <i>Interm\u00e9diaire<\/i> (B2) du <i> Cadre Europ\u00e9en Commun de R\u00e9f\u00e9rence pour les Langues<\/i>.<\/p>\n<\/td>\n<\/tr>\n<tr valign=\"top\">\n<td>\n<p><strong>EN Grammar 1<br \/>(A2\/B1)<\/strong><\/p>\n<p><a href=\"http:\/\/www.thelanguagefocus.com\/docs\/inv\/TLFFR-EN_Grammar_1.htm\" target=\"_blank\" rel=\"noopener noreferrer\">Inventaire<\/a><\/p>\n<\/td>\n<td>\n<p>Les exercices du module <strong>EN Grammar 1 (A2\/B1)<\/strong> s&rsquo;adressent \u00e0 des apprenants ayant d\u00e9j\u00e0 suivi 30 heures de cours d&rsquo;anglais. Les apprenants ayant suivi davantage d&rsquo;heures peuvent \u00e9galement parcourir ces exercices pour rafra\u00eechir ou \u00e9largir leurs connaissances en grammaire.<\/p>\n<p>Les exercices de grammaire du module <strong>EN Grammar 1 (A2\/B1)<\/strong> correspondent aux niveaux <i>\u00c9l\u00e9mentaire<\/i> (A2) et <i>Pr\u00e9-interm\u00e9diaire<\/i> (B1) du <i> Cadre Europ\u00e9en Commun de R\u00e9f\u00e9rence pour les Langues<\/i>.<\/p>\n<\/td>\n<\/tr>\n<tr valign=\"top\">\n<td>\n<p><strong>EN Grammar 2<br \/>(B1\/B2)<\/strong><\/p>\n<p><a href=\"http:\/\/www.thelanguagefocus.com\/docs\/inv\/TLFFR-EN_Grammar_2.htm\" target=\"_blank\" rel=\"noopener noreferrer\">Inventaire<\/a><\/p>\n<\/td>\n<td>\n<p>Les exercices du module <strong>EN Grammar 2 (B1\/B2)<\/strong> est la suite logique de chacun des items grammaticaux trait\u00e9s dans le module EN Grammar 1. Ils s&rsquo;adressent \u00e0 des apprenants ayant d\u00e9j\u00e0 suivi 60 heures de cours d&rsquo;anglais. Les apprenants ayant suivi davantage d&rsquo;heures peuvent \u00e9galement parcourir ces exercices pour rafra\u00eechir ou \u00e9largir leurs connaissances en grammaire.<\/p>\n<p>Les exercices de grammaire du module <strong>EN Grammar 2 (B1\/B2)<\/strong> correspondent aux niveaux <i>Pr\u00e9-interm\u00e9diare<\/i> (B1) et <i>Interm\u00e9diaire<\/i> (B2) du <i> Cadre Europ\u00e9en Commun de R\u00e9f\u00e9rence pour les Langues<\/i>.<\/p>\n<\/td>\n<\/tr>\n<tr valign=\"top\">\n<td>\n<p><strong>EN Tenses<br \/>(A2\/B1\/B2)<\/strong><\/p>\n<p><a href=\"http:\/\/www.thelanguagefocus.com\/docs\/inv\/TLFFR-EN_Tenses.htm\" target=\"_blank\" rel=\"noopener noreferrer\">Inventaire<\/a><\/p>\n<\/td>\n<td>\n<p>Les exercices du module <strong>EN Tenses (A2\/B1\/B2)<\/strong> traitent la conjugaison et l&#8217;emploi des verbes en anglais \u00e0 tous les temps du pr\u00e9sent, du pass\u00e9 et du futur. Ils s&rsquo;adressent \u00e0 tous ceux qui ont d\u00e9j\u00e0 une base en anglais et qui veulent s&rsquo;exercer intensivement aux temps des verbes en anglais. Les temps sont tous trait\u00e9s s\u00e9par\u00e9ment, mais le module contient \u00e9galement beaucoup d\u2019exercices contrastifs qui mettent l\u2019accent sur l\u2019utilisation des temps dans des contextes sp\u00e9cifiques. Le module <strong>EN Tenses (A2\/B1\/B2)<\/strong> compl\u00e8te les exercices sur les verbes propos\u00e9s dans les modules de grammaire et constitue  un formidable outil de rem\u00e9diation pour tous ceux qui apprennent l&rsquo;anglais et souhaitent ma\u00eetriser l&#8217;emploi des temps des verbes.<\/p>\n<p>Les exercices de grammaire du module <strong>EN Tenses (A2\/B1\/B2)<\/strong> correspondent aux niveaux <i>\u00c9l\u00e9mentaire<\/i> (A2) et <i>Pr\u00e9-interm\u00e9diaire<\/i> (B1) du <i> Cadre Europ\u00e9en Commun de R\u00e9f\u00e9rence pour les Langues<\/p>\n<\/td>\n<\/tr>\n<tr valign=\"top\">\n<td>\n<p><strong>EN Phoning<br \/>(A2\/B1)<\/strong><\/p>\n<p><a href=\"http:\/\/www.thelanguagefocus.com\/docs\/inv\/TLFFR-EN_Phoning.htm\" target=\"_blank\" rel=\"noopener noreferrer\">Inventaire<\/a><\/p>\n<\/td>\n<td>\n<p>Les exercices du module <strong>EN Phoning (A2\/B1)<\/strong> s&rsquo;adressent en principe aux apprenants ayant d\u00e9j\u00e0 des connaissances de base en anglais et qui souhaitent pouvoir t\u00e9l\u00e9phoner correctement dans cette langue. Les exercices sont particuli\u00e8rement adapt\u00e9s pour les apprenants des fili\u00e8res Commerce et Secr\u00e9tariat ou pour les apprenants qui en plus d&rsquo;un enseignement en anglais g\u00e9n\u00e9ral suivent une ou plusieurs heures d&rsquo;anglais professionnel. <\/p>\n<p>Le niveau de ces exercices correspond aux niveaux <i>\u00c9l\u00e9mentaire<\/i> (A2) et <i>Pr\u00e9-interm\u00e9diaire<\/i> (B1) du <i> Cadre Europ\u00e9en Commun de R\u00e9f\u00e9rence pour les Langues.<\/p>\n<\/td>\n<\/tr>\n<tr valign=\"top\">\n<td>\n<p><strong>EN Writing<br \/>(B1\/B2\/C1)<\/strong><\/p>\n<p><a href=\"http:\/\/www.thelanguagefocus.com\/docs\/inv\/TLFFR-EN_Writing.htm\" target=\"_blank\" rel=\"noopener noreferrer\">Inventaire<\/a><\/p>\n<\/td>\n<td>\n<p>Les exercices du module <strong>EN Writing (B1\/B2\/C1)<\/strong> s&rsquo;adressent \u00e0 tous ceux ayant des connaissances moyennes en anglais et qui souhaitent apprendre \u00e0 r\u00e9diger des \u00e9crits professionnels dans cette langue. Les exercices sont particuli\u00e8rement adapt\u00e9s pour les apprenants des fili\u00e8res Commerce et Secr\u00e9tariat ou pour les apprenants qui en plus d&rsquo;un enseignement en anglais g\u00e9n\u00e9ral suivent une ou plusieurs heures d&rsquo;anglais professionnel. <\/p>\n<p>Le niveau de ces exercices correspond aux niveaux <i>Pr\u00e9-interm\u00e9diare<\/i> (B1) et <i>Interm\u00e9diaire<\/i> (B2) du <i> Cadre Europ\u00e9en Commun de R\u00e9f\u00e9rence pour les Langues<\/i>.<\/p>\n<\/td>\n<\/tr>\n<\/table>\n","protected":false},"excerpt":{"rendered":"<p>Description The&nbsp;Language&nbsp;Focus est compos\u00e9 de +\/- 1000 exercices d&rsquo;anglais ind\u00e9pendants de toute m\u00e9thode, regroup\u00e9s en six modules diff\u00e9rents : un module d&rsquo;exercices th\u00e9matiques, deux modules grammaticaux, un module de conjugaison de verbes, un module T\u00e9l\u00e9phoner et un module \u00c9crire. Les<\/p>\n","protected":false},"author":4,"featured_media":0,"parent":218,"menu_order":3,"comment_status":"closed","ping_status":"closed","template":"","meta":{"footnotes":""},"class_list":["post-224","page","type-page","status-publish","hentry"],"_links":{"self":[{"href":"https:\/\/www.thelanguagefocus.com\/fr\/wp-json\/wp\/v2\/pages\/224","targetHints":{"allow":["GET"]}}],"collection":[{"href":"https:\/\/www.thelanguagefocus.com\/fr\/wp-json\/wp\/v2\/pages"}],"about":[{"href":"https:\/\/www.thelanguagefocus.com\/fr\/wp-json\/wp\/v2\/types\/page"}],"author":[{"embeddable":true,"href":"https:\/\/www.thelanguagefocus.com\/fr\/wp-json\/wp\/v2\/users\/4"}],"replies":[{"embeddable":true,"href":"https:\/\/www.thelanguagefocus.com\/fr\/wp-json\/wp\/v2\/comments?post=224"}],"version-history":[{"count":0,"href":"https:\/\/www.thelanguagefocus.com\/fr\/wp-json\/wp\/v2\/pages\/224\/revisions"}],"up":[{"embeddable":true,"href":"https:\/\/www.thelanguagefocus.com\/fr\/wp-json\/wp\/v2\/pages\/218"}],"wp:attachment":[{"href":"https:\/\/www.thelanguagefocus.com\/fr\/wp-json\/wp\/v2\/media?parent=224"}],"curies":[{"name":"wp","href":"https:\/\/api.w.org\/{rel}","templated":true}]}}