{"id":222,"date":"2020-05-18T12:47:43","date_gmt":"2020-05-18T10:47:43","guid":{"rendered":"http:\/\/www.thelanguagefocus.com\/fr\/algemeen\/"},"modified":"2026-03-09T15:49:58","modified_gmt":"2026-03-09T14:49:58","slug":"algemeen","status":"publish","type":"page","link":"https:\/\/www.thelanguagefocus.com\/fr\/info\/inhoud\/algemeen\/","title":{"rendered":"Notre approche"},"content":{"rendered":"<p><em>The&nbsp;Language&nbsp;Focus<\/em> contient au total plus de 6500 exercices dans les quatre langues suivantes : n\u00e9erlandais, anglais, allemand et fran\u00e7ais (FLE), regroup\u00e9s sous 27 modules d&rsquo;entra\u00eenement. Vous trouverez tout \u00e0 la fois des modules d&rsquo;exercices th\u00e9matiques ou grammaticaux, dans lesquels le travail des quatre comp\u00e9tences est int\u00e9gr\u00e9 et des modules plus sp\u00e9cifiquement orient\u00e9s dans le but d&rsquo;am\u00e9liorer ses comp\u00e9tences orales et \u00e9crites en langue professionnelle.<\/p>\n<ul>\n<li>Les modules de langue peuvent \u00eatre utilis\u00e9s aussi bien pour un <strong>apprentissage autonome<\/strong> que pour <strong>la rem\u00e9diation<\/strong>. Les r\u00e9ponses saisies par l&rsquo;apprenant sont imm\u00e9diatement trait\u00e9es et re\u00e7oivent un feedback imm\u00e9diat accompagn\u00e9 d&rsquo;une explication cibl\u00e9e. La grammaire int\u00e9gr\u00e9e permet \u00e0 l&rsquo;apprenant de chercher de fa\u00e7on compl\u00e9tement autonome l&rsquo;information n\u00e9cessaire. <em>The&nbsp;Language&nbsp;Focus<\/em> offre donc une chance unique d&rsquo;apprendre en autonomie <strong>en \u00e9tant soutenu par les nouvelles technologies<\/strong>.<\/li>\n<li>Les exercices de langue sont <strong>ind\u00e9pendants de toute m\u00e9thode existante<\/strong>, mais peuvent parfaitement s&rsquo;ajouter en parall\u00e8le \u00e0 l&rsquo;utilisation de manuels ou de m\u00e9thodes qui traitent des th\u00e8mes ou des points de grammaire similaires. Les apprenants peuvent ainsi s&rsquo;entra\u00eener au vocabulaire et \u00e0 la grammaire dans un autre contexte ce qui peut repr\u00e9senter une valeur ajout\u00e9e aux cours. L&rsquo;enseignant peut \u00e9galement aller puiser les exercices en fonction des besoins ou souhaits de ses apprenants : pour diff\u00e9rencier, rem\u00e9dier, donner du travail \u00e0 la maison, rattraper un cours, donner un devoir de vacances ou un travail personnel \u00e0 un apprenant&#8230; <\/li>\n<li>Tous les \u00e9l\u00e9ments constituants de ces exercices interactifs sont \u00e9crits dans la <strong>langue cible<\/strong>. Les feedbacks, les informations sur le vocabulaire, les explications grammaticales, sont r\u00e9dig\u00e9s dans un n\u00e9erlandais, anglais, allemand ou fran\u00e7ais (FLE) simple mais pr\u00e9cis afin que les apprenants prennent naturellement conscience que l&#8217;emploi de la langue cible est la r\u00e8gle. Tous les exercices de compr\u00e9hension orale ont \u00e9t\u00e9 enregistr\u00e9s par des locuteurs natifs.<\/li>\n<li>Dans les exercices, nous nous sommes efforc\u00e9s de privil\u00e9gier autant que possible l&rsquo;<strong>authenticit\u00e9<\/strong> des situations, du mat\u00e9riel textuel, des t\u00e2ches, etc.  Notre attention s&rsquo;est \u00e9galement port\u00e9e sur l&rsquo;offre d&rsquo;exercices travaillant une comp\u00e9tence linguistique \u00e0 la fois : la compr\u00e9hension orale, \u00e9crite, la production orale ou \u00e9crite. Toutefois, dans d&rsquo;autres exercices, les comp\u00e9tences sont trait\u00e9es de fa\u00e7on combin\u00e9e.<\/li>\n<\/ul>\n","protected":false},"excerpt":{"rendered":"<p>The&nbsp;Language&nbsp;Focus contient au total plus de 6500 exercices dans les quatre langues suivantes : n\u00e9erlandais, anglais, allemand et fran\u00e7ais (FLE), regroup\u00e9s sous 27 modules d&rsquo;entra\u00eenement. Vous trouverez tout \u00e0 la fois des modules d&rsquo;exercices th\u00e9matiques ou grammaticaux, dans lesquels le<\/p>\n","protected":false},"author":4,"featured_media":0,"parent":218,"menu_order":1,"comment_status":"closed","ping_status":"closed","template":"","meta":{"footnotes":""},"class_list":["post-222","page","type-page","status-publish","hentry"],"_links":{"self":[{"href":"https:\/\/www.thelanguagefocus.com\/fr\/wp-json\/wp\/v2\/pages\/222","targetHints":{"allow":["GET"]}}],"collection":[{"href":"https:\/\/www.thelanguagefocus.com\/fr\/wp-json\/wp\/v2\/pages"}],"about":[{"href":"https:\/\/www.thelanguagefocus.com\/fr\/wp-json\/wp\/v2\/types\/page"}],"author":[{"embeddable":true,"href":"https:\/\/www.thelanguagefocus.com\/fr\/wp-json\/wp\/v2\/users\/4"}],"replies":[{"embeddable":true,"href":"https:\/\/www.thelanguagefocus.com\/fr\/wp-json\/wp\/v2\/comments?post=222"}],"version-history":[{"count":0,"href":"https:\/\/www.thelanguagefocus.com\/fr\/wp-json\/wp\/v2\/pages\/222\/revisions"}],"up":[{"embeddable":true,"href":"https:\/\/www.thelanguagefocus.com\/fr\/wp-json\/wp\/v2\/pages\/218"}],"wp:attachment":[{"href":"https:\/\/www.thelanguagefocus.com\/fr\/wp-json\/wp\/v2\/media?parent=222"}],"curies":[{"name":"wp","href":"https:\/\/api.w.org\/{rel}","templated":true}]}}