{"id":220,"date":"2020-05-18T12:47:43","date_gmt":"2020-05-18T10:47:43","guid":{"rendered":"http:\/\/www.thelanguagefocus.com\/fr\/technisch\/"},"modified":"2022-07-25T12:56:33","modified_gmt":"2022-07-25T10:56:33","slug":"technisch","status":"publish","type":"page","link":"https:\/\/www.thelanguagefocus.com\/fr\/info\/technisch\/","title":{"rendered":"Info technique"},"content":{"rendered":"<h3>G\u00e9n\u00e9ralit\u00e9s<\/h3>\n<p>Si votre \u00e9tablissement choisit <em>The&nbsp;Language&nbsp;Focus<\/em>, vous recevrez les codes d&rsquo;acc\u00e8s correspondant aux termes de la formule commerciale retenue. <\/p>\n<p>Quelques soit la formule choisie, <strong>aucune installation<\/strong> n&rsquo;est n\u00e9cessaire, ni pour la r\u00e9alisation des exercices, ni pour la gestion des r\u00e9sultats ou des groupes. Tous les exercices, r\u00e9sultats, informations, etc. sont tout simplement \u00e0 consulter <strong>via Internet<\/strong>, depuis un <strong>pc<\/strong> ou un <strong>Mac<\/strong>, depuis <strong>votre \u00e9tablissement ou la maison<\/strong>. <\/p>\n<h3>Configuration minimale<\/h3>\n<p><em>The&nbsp;Language&nbsp;Focus<\/em> n&rsquo;a <strong>aucune grande exigence<\/strong> sur l&rsquo;appareil de l&rsquo;utilisateur. <a href=\"https:\/\/www.thelanguagefocus.com\/fr\/info\/technisch\/systeemvereisten\/\">Cliquez ici<\/a> pour les d\u00e9tails techniques..<\/p>\n","protected":false},"excerpt":{"rendered":"<p>G\u00e9n\u00e9ralit\u00e9s Si votre \u00e9tablissement choisit The&nbsp;Language&nbsp;Focus, vous recevrez les codes d&rsquo;acc\u00e8s correspondant aux termes de la formule commerciale retenue. Quelques soit la formule choisie, aucune installation n&rsquo;est n\u00e9cessaire, ni pour la r\u00e9alisation des exercices, ni pour la gestion des r\u00e9sultats<\/p>\n","protected":false},"author":2,"featured_media":0,"parent":215,"menu_order":4,"comment_status":"closed","ping_status":"closed","template":"","meta":{"footnotes":""},"class_list":["post-220","page","type-page","status-publish","hentry"],"_links":{"self":[{"href":"https:\/\/www.thelanguagefocus.com\/fr\/wp-json\/wp\/v2\/pages\/220","targetHints":{"allow":["GET"]}}],"collection":[{"href":"https:\/\/www.thelanguagefocus.com\/fr\/wp-json\/wp\/v2\/pages"}],"about":[{"href":"https:\/\/www.thelanguagefocus.com\/fr\/wp-json\/wp\/v2\/types\/page"}],"author":[{"embeddable":true,"href":"https:\/\/www.thelanguagefocus.com\/fr\/wp-json\/wp\/v2\/users\/2"}],"replies":[{"embeddable":true,"href":"https:\/\/www.thelanguagefocus.com\/fr\/wp-json\/wp\/v2\/comments?post=220"}],"version-history":[{"count":0,"href":"https:\/\/www.thelanguagefocus.com\/fr\/wp-json\/wp\/v2\/pages\/220\/revisions"}],"up":[{"embeddable":true,"href":"https:\/\/www.thelanguagefocus.com\/fr\/wp-json\/wp\/v2\/pages\/215"}],"wp:attachment":[{"href":"https:\/\/www.thelanguagefocus.com\/fr\/wp-json\/wp\/v2\/media?parent=220"}],"curies":[{"name":"wp","href":"https:\/\/api.w.org\/{rel}","templated":true}]}}