{"id":219,"date":"2020-05-18T12:47:43","date_gmt":"2020-05-18T10:47:43","guid":{"rendered":"http:\/\/www.thelanguagefocus.com\/fr\/prijzen\/"},"modified":"2026-03-09T16:23:16","modified_gmt":"2026-03-09T15:23:16","slug":"prijzen","status":"publish","type":"page","link":"https:\/\/www.thelanguagefocus.com\/fr\/info\/prijzen\/","title":{"rendered":"Prix"},"content":{"rendered":"<p>Quelle que soit la formule de <em>The\u00a0Language\u00a0Focus<\/em> que vous choisissiez, votre choix d\u00e9pend surtout des modules que vous souhaitez utiliser, du nombre d&rsquo;apprenants avec qui vous souhaitez travailler et de la n\u00e9cessit\u00e9 de suivre les r\u00e9sultats ou pas.<\/p>\n<table class=\"table_brown\" cellspacing=\"0\" cellpadding=\"0\">\n<tbody>\n<tr>\n<th colspan=\"2\">Modules ind\u00e9pendants de The Language Focus (online) @ 9 euros\/module<\/th>\n<\/tr>\n<tr>\n<td width=\"265\">\n<ul>\n<li>\u00b7 <strong>Nederlands Thema&rsquo;s NT2<\/strong><\/li>\n<li>\u00b7 <strong>Nederlands Grammatica NT2, A2<\/strong><\/li>\n<li>\u00b7 <strong>Nederlands Grammatica NT2, B1<\/strong><\/li>\n<li>\u00b7 <strong>Nederlands Telefoneren<\/strong><\/li>\n<li>\u00b7 <strong>Nederlands Schrijven<\/strong><\/li>\n<li>\u00b7 <strong>Nederlands Schrijven NT2<\/strong><\/li>\n<li>\u00b7 <strong>Nederlands Spelling<\/strong><\/li>\n<li>\u00b7 <strong>Nederlands Spelling werkwoorden<\/strong><\/li>\n<li>\u00b7 <strong>English Themes<\/strong><\/li>\n<li>\u00b7 <strong>English Grammar 1<\/strong><\/li>\n<li>\u00b7 <strong>English Grammar 2<\/strong><\/li>\n<li>\u00b7 <strong>English Tenses<\/strong><\/li>\n<li>\u00b7 <strong>English Phoning<\/strong><\/li>\n<li>\u00b7 <strong>English Writing<\/strong><\/li>\n<li>\u00b7 <strong>Deutsch Themen<\/strong><\/li>\n<li>\u00b7 <strong>Deutsch Grammatik<\/strong><\/li>\n<li>\u00b7 <strong>Deutsch Telefonieren<\/strong><\/li>\n<li>\u00b7 <strong>Deutsch Verben<\/strong><\/li>\n<li>\u00b7 <strong>Fran\u00e7ais Th\u00e8mes<\/strong><\/li>\n<li>\u00b7 <strong>Fran\u00e7ais Grammaire 1<\/strong><\/li>\n<li>\u00b7 <strong>Fran\u00e7ais Grammaire 2<\/strong><\/li>\n<li>\u00b7 <strong>Fran\u00e7ais Grammaire 3<\/strong><\/li>\n<li>\u00b7 <strong>Fran\u00e7ais T\u00e9l\u00e9phoner<\/strong><\/li>\n<li>\u00b7 <strong>Fran\u00e7ais \u00c9crire<\/strong><\/li>\n<li>\u00b7 <strong>Fran\u00e7ais E-mails<\/strong><\/li>\n<li>\u00b7 <strong>Fran\u00e7ais Informatique et Internet<\/strong><\/li>\n<li>\u00b7 <strong>Fran\u00e7ais Verbes<\/strong><\/li>\n<\/ul>\n<\/td>\n<td>Une cl\u00e9 d&rsquo;enregistrement individuelle co\u00fbte <strong>9\u00a0euros<\/strong> et donne \u00e0 l&rsquo;apprenant l&rsquo;acc\u00e8s <strong>en ligne <\/strong> \u00e0 <strong>un module<\/strong> particulier, par ex. <i>English Grammar 1<\/i> <strong>pendant 1 an<\/strong>.<\/p>\n<p>L&rsquo;enseignant a un acc\u00e8s gratuit \u00e0 tous les exercices et \u00e0 la <a href=\"https:\/\/www.thelanguagefocus.com\/fr\/info\/resultatenbeheer\/\">gestion des r\u00e9sultats<\/a>.<\/td>\n<\/tr>\n<\/tbody>\n<\/table>\n<table class=\"table_brown\" cellspacing=\"0\" cellpadding=\"0\">\n<tbody>\n<tr>\n<th colspan=\"2\">Bouquets de modules de The Language Focus (online) @ 26 euros\/langue<\/th>\n<\/tr>\n<tr>\n<td width=\"265\">\n<ul>\n<li>\u00b7 Bouquet de modules <strong>N\u00e9erlandais<\/strong><br \/>\n<i>(8 modules, +\/- 1100 exercices)<\/i><\/li>\n<li>\u00b7 Bouquet de modules <strong>Anglais<\/strong><br \/>\n<i>(6 modules, +\/- 1000 exercices)<\/i><\/li>\n<li>\u00b7 Bouquet de modules <strong>Allemand<\/strong><br \/>\n<i>(4 modules, +\/- 1200 exercices)<\/i><\/li>\n<li>\u00b7 Bouquet de modules <strong>Fran\u00e7ais (FLE)<\/strong><br \/>\n<i>(9 modules, +\/- 3400 exercices)<\/i><\/li>\n<\/ul>\n<\/td>\n<td>Une cl\u00e9 d&rsquo;enregistrement individuelle co\u00fbte <strong>26 euros<\/strong> et donne \u00e0 l&rsquo;apprenant acc\u00e8s <strong>en ligne pendant 1 an<\/strong> \u00e0 <strong>tous les modules<\/strong> d&rsquo;une <strong>langue<\/strong> particuli\u00e8re, par ex. <i>l&rsquo;anglais<\/i>.<\/p>\n<p>L&rsquo;enseignant a un acc\u00e8s gratuit \u00e0 tous les exercices et \u00e0 la <a href=\"https:\/\/www.thelanguagefocus.com\/fr\/info\/resultatenbeheer\/\">gestion des r\u00e9sultats<\/a>.<\/td>\n<\/tr>\n<\/tbody>\n<\/table>\n<table class=\"table_brown\" cellspacing=\"0\" cellpadding=\"0\">\n<tbody>\n<tr>\n<th>The Language Focus All-In @ 12 euros\/apprenant<\/th>\n<\/tr>\n<tr>\n<td><strong>The Language Focus All-In<\/strong> est la formule la plus compl\u00e8te de <em>The Language Focus<\/em> : via un <strong>abonnement de l&rsquo;\u00e9tablissement scolaire au prix de 12 euros par apprenant<\/strong>, <strong>les apprenants enregistr\u00e9s<\/strong> ont acc\u00e8s \u00e0 <strong>tous les modules<\/strong> de <strong>toutes les langues<\/strong> pendant <strong>1 an<\/strong>.<\/p>\n<p>Les enseignants ont un acc\u00e8s gratuit \u00e0 tous les exercices, \u00e0 la <a href=\"https:\/\/www.thelanguagefocus.com\/fr\/info\/resultatenbeheer\/\">gestion des r\u00e9sultats<\/a> <i>et<\/i> \u00e0 l&rsquo;outil de conception leur permettant de <strong>concevoir eux-m\u00eames<\/strong> en ligne leurs propres <strong>exercices<\/strong>.<\/td>\n<\/tr>\n<\/tbody>\n<\/table>\n<p>Tous les prix indiqu\u00e9s sont TTC (TVA incluse).<\/p>\n<p>Les enseignants peuvent faire la demande <strong>gratuite<\/strong> d&rsquo;une <strong>licence d&rsquo;essai<\/strong> pour tous les modules en ligne de <em>The Language Focus<\/em>. Pour faire la demande, allez sur la page <a href=\"https:\/\/www.thelanguagefocus.com\/fr\/contact\/bestellen\/\">Commande<\/a>.<\/p>\n<p>Consultez nos <strong>conditions g\u00e9n\u00e9rales<\/strong> <a href=\"https:\/\/www.thelanguagefocus.com\/fr\/info\/conditions-generales\/\">ici<\/a>.<\/p>\n","protected":false},"excerpt":{"rendered":"<p>Quelle que soit la formule de The\u00a0Language\u00a0Focus que vous choisissiez, votre choix d\u00e9pend surtout des modules que vous souhaitez utiliser, du nombre d&rsquo;apprenants avec qui vous souhaitez travailler et de la n\u00e9cessit\u00e9 de suivre les r\u00e9sultats ou pas. Modules ind\u00e9pendants<\/p>\n","protected":false},"author":2,"featured_media":0,"parent":215,"menu_order":5,"comment_status":"closed","ping_status":"closed","template":"","meta":{"footnotes":""},"class_list":["post-219","page","type-page","status-publish","hentry"],"_links":{"self":[{"href":"https:\/\/www.thelanguagefocus.com\/fr\/wp-json\/wp\/v2\/pages\/219","targetHints":{"allow":["GET"]}}],"collection":[{"href":"https:\/\/www.thelanguagefocus.com\/fr\/wp-json\/wp\/v2\/pages"}],"about":[{"href":"https:\/\/www.thelanguagefocus.com\/fr\/wp-json\/wp\/v2\/types\/page"}],"author":[{"embeddable":true,"href":"https:\/\/www.thelanguagefocus.com\/fr\/wp-json\/wp\/v2\/users\/2"}],"replies":[{"embeddable":true,"href":"https:\/\/www.thelanguagefocus.com\/fr\/wp-json\/wp\/v2\/comments?post=219"}],"version-history":[{"count":0,"href":"https:\/\/www.thelanguagefocus.com\/fr\/wp-json\/wp\/v2\/pages\/219\/revisions"}],"up":[{"embeddable":true,"href":"https:\/\/www.thelanguagefocus.com\/fr\/wp-json\/wp\/v2\/pages\/215"}],"wp:attachment":[{"href":"https:\/\/www.thelanguagefocus.com\/fr\/wp-json\/wp\/v2\/media?parent=219"}],"curies":[{"name":"wp","href":"https:\/\/api.w.org\/{rel}","templated":true}]}}