{"id":218,"date":"2020-05-18T12:47:43","date_gmt":"2020-05-18T10:47:43","guid":{"rendered":"http:\/\/www.thelanguagefocus.com\/fr\/inhoud\/"},"modified":"2026-03-09T14:33:49","modified_gmt":"2026-03-09T13:33:49","slug":"inhoud","status":"publish","type":"page","link":"https:\/\/www.thelanguagefocus.com\/fr\/info\/inhoud\/","title":{"rendered":"Contenu"},"content":{"rendered":"<p><em>The\u00a0Language\u00a0Focus<\/em> est un environnement d&rsquo;apprentissage num\u00e9rique avec contenus int\u00e9gr\u00e9s. Vous trouverez ici <strong><a href=\"https:\/\/www.thelanguagefocus.com\/fr\/info\/inhoud\/algemeen\/\">une information g\u00e9n\u00e9rale<\/a><\/strong> sur les contenus.<\/p>\n<p>Il vous sera ensuite possible d&rsquo;acc\u00e9der \u00e0 des informations plus sp\u00e9cifiques sur les &#8211; au total &#8211; plus de <strong>6500 exercices dans les quatre langues suivantes : <a href=\"https:\/\/www.thelanguagefocus.com\/fr\/info\/inhoud\/nederlands\/\">n\u00e9erlandais<\/a>, <a href=\"https:\/\/www.thelanguagefocus.com\/fr\/info\/inhoud\/engels\/\">anglais<\/a>, <a href=\"https:\/\/www.thelanguagefocus.com\/fr\/info\/inhoud\/duits\/\">allemand<\/a> et <a href=\"https:\/\/www.thelanguagefocus.com\/fr\/info\/inhoud\/frans\/\">fran\u00e7ais (FLE)<\/a> <\/strong> qui composent <em>The\u00a0Language\u00a0Focus<\/em>.<\/p>\n","protected":false},"excerpt":{"rendered":"<p>The\u00a0Language\u00a0Focus est un environnement d&rsquo;apprentissage num\u00e9rique avec contenus int\u00e9gr\u00e9s. Vous trouverez ici une information g\u00e9n\u00e9rale sur les contenus. Il vous sera ensuite possible d&rsquo;acc\u00e9der \u00e0 des informations plus sp\u00e9cifiques sur les &#8211; au total &#8211; plus de 6500 exercices dans<\/p>\n","protected":false},"author":4,"featured_media":0,"parent":215,"menu_order":1,"comment_status":"closed","ping_status":"closed","template":"","meta":{"footnotes":""},"class_list":["post-218","page","type-page","status-publish","hentry"],"_links":{"self":[{"href":"https:\/\/www.thelanguagefocus.com\/fr\/wp-json\/wp\/v2\/pages\/218","targetHints":{"allow":["GET"]}}],"collection":[{"href":"https:\/\/www.thelanguagefocus.com\/fr\/wp-json\/wp\/v2\/pages"}],"about":[{"href":"https:\/\/www.thelanguagefocus.com\/fr\/wp-json\/wp\/v2\/types\/page"}],"author":[{"embeddable":true,"href":"https:\/\/www.thelanguagefocus.com\/fr\/wp-json\/wp\/v2\/users\/4"}],"replies":[{"embeddable":true,"href":"https:\/\/www.thelanguagefocus.com\/fr\/wp-json\/wp\/v2\/comments?post=218"}],"version-history":[{"count":0,"href":"https:\/\/www.thelanguagefocus.com\/fr\/wp-json\/wp\/v2\/pages\/218\/revisions"}],"up":[{"embeddable":true,"href":"https:\/\/www.thelanguagefocus.com\/fr\/wp-json\/wp\/v2\/pages\/215"}],"wp:attachment":[{"href":"https:\/\/www.thelanguagefocus.com\/fr\/wp-json\/wp\/v2\/media?parent=218"}],"curies":[{"name":"wp","href":"https:\/\/api.w.org\/{rel}","templated":true}]}}