{"id":217,"date":"2020-05-18T12:47:43","date_gmt":"2020-05-18T10:47:43","guid":{"rendered":"http:\/\/www.thelanguagefocus.com\/fr\/contact\/"},"modified":"2025-03-17T15:58:09","modified_gmt":"2025-03-17T14:58:09","slug":"contact","status":"publish","type":"page","link":"https:\/\/www.thelanguagefocus.com\/fr\/contact\/","title":{"rendered":"Contact"},"content":{"rendered":"<p><em>The\u00a0Language\u00a0Focus<\/em> est un produit de la soci\u00e9t\u00e9\u00a0:<\/p>\n<blockquote><p><strong>eXplio nv<\/strong> \u00b7 <a href=\"http:\/\/www.explio.com\/\">www.explio.com<\/a><\/p>\n<p>Guldensporenpark 20 \u00b7 9820 Merelbeke-Melle<br \/>\nT\u00e9l\u00e9phone : 09 210 57 54 \u00b7 E-mail : <a href=\"mailto:contact@explio.com\">contact@explio.com<\/a><\/p>\n<p>RPM Gand \u00b7 BCE 0436.576.808 \u00b7 TVA BE 0436.576.808<\/p><\/blockquote>\n<p>Nous avons \u00e0 coeur la protection de votre vie priv\u00e9e et de vos donn\u00e9es personnelles. Consultez <a href=\"https:\/\/www.thelanguagefocus.com\/fr\/info\/privacy\/\"> ici <\/a> notre <strong>d\u00e9claration de confidentialit\u00e9<\/strong>.<\/p>\n<h3>Aller plus loin&#8230;<\/h3>\n<ul>\n<li><a href=\"https:\/\/www.thelanguagefocus.com\/fr\/contact\/aanvragen-demo\/\">Cliquez ici<\/a> pour demander <strong>une d\u00e9mo gratuite et sans obligation d&rsquo;achat<\/strong> de <em>The\u00a0Language\u00a0Focus<\/em>.<\/li>\n<li><a href=\"https:\/\/www.thelanguagefocus.com\/fr\/contact\/aanvragen-informatie\/\">Cliquez ici<\/a> si vous avez <strong>des questions<\/strong> sur les contenus ou le fonctionnement technique de <em>The\u00a0Language\u00a0Focus<\/em> ou de nos autres produits num\u00e9riques.<\/li>\n<li><a href=\"https:\/\/www.thelanguagefocus.com\/fr\/contact\/bestellen\/\">Cliquez ici <\/a> si vous souhaitez passer <strong>une commande<\/strong> ou si vous souhaitez demander une <strong>licence pour une p\u00e9riode d&rsquo;essai<\/strong>.<\/li>\n<li><a href=\"https:\/\/www.thelanguagefocus.com\/fr\/contact\/contactform\/\">Cliquez ici <\/a>pour acc\u00e9der au <strong>formulaire de contact en ligne<\/strong>.<\/li>\n<\/ul>\n","protected":false},"excerpt":{"rendered":"<p>The\u00a0Language\u00a0Focus est un produit de la soci\u00e9t\u00e9\u00a0: eXplio nv \u00b7 www.explio.com Guldensporenpark 20 \u00b7 9820 Merelbeke-Melle T\u00e9l\u00e9phone : 09 210 57 54 \u00b7 E-mail : contact@explio.com RPM Gand \u00b7 BCE 0436.576.808 \u00b7 TVA BE 0436.576.808 Nous avons \u00e0 coeur la<\/p>\n","protected":false},"author":2,"featured_media":0,"parent":0,"menu_order":4,"comment_status":"closed","ping_status":"closed","template":"","meta":{"footnotes":""},"class_list":["post-217","page","type-page","status-publish","hentry"],"_links":{"self":[{"href":"https:\/\/www.thelanguagefocus.com\/fr\/wp-json\/wp\/v2\/pages\/217","targetHints":{"allow":["GET"]}}],"collection":[{"href":"https:\/\/www.thelanguagefocus.com\/fr\/wp-json\/wp\/v2\/pages"}],"about":[{"href":"https:\/\/www.thelanguagefocus.com\/fr\/wp-json\/wp\/v2\/types\/page"}],"author":[{"embeddable":true,"href":"https:\/\/www.thelanguagefocus.com\/fr\/wp-json\/wp\/v2\/users\/2"}],"replies":[{"embeddable":true,"href":"https:\/\/www.thelanguagefocus.com\/fr\/wp-json\/wp\/v2\/comments?post=217"}],"version-history":[{"count":0,"href":"https:\/\/www.thelanguagefocus.com\/fr\/wp-json\/wp\/v2\/pages\/217\/revisions"}],"wp:attachment":[{"href":"https:\/\/www.thelanguagefocus.com\/fr\/wp-json\/wp\/v2\/media?parent=217"}],"curies":[{"name":"wp","href":"https:\/\/api.w.org\/{rel}","templated":true}]}}