{"id":216,"date":"2020-05-18T12:47:43","date_gmt":"2020-05-18T10:47:43","guid":{"rendered":"http:\/\/www.thelanguagefocus.com\/fr\/support\/"},"modified":"2020-05-28T10:04:55","modified_gmt":"2020-05-28T08:04:55","slug":"support","status":"publish","type":"page","link":"https:\/\/www.thelanguagefocus.com\/fr\/support\/","title":{"rendered":"Support"},"content":{"rendered":"<p>Si vous rencontrez des probl\u00e8mes dans l&rsquo;utilisation de <em>The&nbsp;Language&nbsp;Focus<\/em>, nous vous conseillons de commencer par consulter notre <strong><a href=\"https:\/\/www.thelanguagefocus.com\/fr\/support\/faq\/\">liste de Questions Fr\u00e9quentes (FAQ)<\/a><\/strong>. Vous y trouverez sans doute une solution \u00e0 votre probl\u00e8me.<\/p>\n<p>Si, cependant, la FAQ ne propose pas la solution que vous recherchez, n&rsquo;h\u00e9sitez pas \u00e0 contacter notre <strong>service support<\/strong> dont voici les coordonn\u00e9es&nbsp;:<\/p>\n<table border=\"0\" cellspacing=\"0\" cellpadding=\"0\" style=\"border-collapse:collapse;\">\n<tr valign=\"top\">\n<td>\n    <strong>Par courriel<\/strong>\n  <\/td>\n<td>\n<p>Envoyez un message \u00e0 <strong><a href=\"mailto:support@explio.com\">mailto:support@explio.com<\/a><\/strong>.<\/p>\n<\/td>\n<\/tr>\n<tr valign=\"top\">\n<td>\n    <strong>Par&nbsp;t\u00e9l\u00e9phone<\/strong>&nbsp;&nbsp;&nbsp;\n  <\/td>\n<td>\n<p>Appelez-nous au <strong>09 210 57 54<\/strong>.<\/p>\n<\/td>\n<\/tr>\n<\/table>\n","protected":false},"excerpt":{"rendered":"<p>Si vous rencontrez des probl\u00e8mes dans l&rsquo;utilisation de The&nbsp;Language&nbsp;Focus, nous vous conseillons de commencer par consulter notre liste de Questions Fr\u00e9quentes (FAQ). Vous y trouverez sans doute une solution \u00e0 votre probl\u00e8me. Si, cependant, la FAQ ne propose pas la<\/p>\n","protected":false},"author":3,"featured_media":0,"parent":0,"menu_order":3,"comment_status":"closed","ping_status":"closed","template":"","meta":{"footnotes":""},"class_list":["post-216","page","type-page","status-publish","hentry"],"_links":{"self":[{"href":"https:\/\/www.thelanguagefocus.com\/fr\/wp-json\/wp\/v2\/pages\/216","targetHints":{"allow":["GET"]}}],"collection":[{"href":"https:\/\/www.thelanguagefocus.com\/fr\/wp-json\/wp\/v2\/pages"}],"about":[{"href":"https:\/\/www.thelanguagefocus.com\/fr\/wp-json\/wp\/v2\/types\/page"}],"author":[{"embeddable":true,"href":"https:\/\/www.thelanguagefocus.com\/fr\/wp-json\/wp\/v2\/users\/3"}],"replies":[{"embeddable":true,"href":"https:\/\/www.thelanguagefocus.com\/fr\/wp-json\/wp\/v2\/comments?post=216"}],"version-history":[{"count":0,"href":"https:\/\/www.thelanguagefocus.com\/fr\/wp-json\/wp\/v2\/pages\/216\/revisions"}],"wp:attachment":[{"href":"https:\/\/www.thelanguagefocus.com\/fr\/wp-json\/wp\/v2\/media?parent=216"}],"curies":[{"name":"wp","href":"https:\/\/api.w.org\/{rel}","templated":true}]}}