{"id":215,"date":"2020-05-18T12:47:43","date_gmt":"2020-05-18T10:47:43","guid":{"rendered":"http:\/\/www.thelanguagefocus.com\/fr\/info\/"},"modified":"2026-03-09T14:33:28","modified_gmt":"2026-03-09T13:33:28","slug":"info","status":"publish","type":"page","link":"https:\/\/www.thelanguagefocus.com\/fr\/info\/","title":{"rendered":"Info"},"content":{"rendered":"<p><em>The\u00a0Language\u00a0Focus<\/em> est un environnement d&rsquo;apprentissage num\u00e9rique avec contenus int\u00e9gr\u00e9s. Vous trouverez ici un descriptif de <a href=\"https:\/\/www.thelanguagefocus.com\/fr\/info\/inhoud\/algemeen\/\">notre approche<\/a> sur les contenus, et, sur les liens ci-dessous, des informations plus sp\u00e9cifiques sur les &#8211; au total &#8211; plus de <strong>6500 exercices dans les quatre langues suivantes : <a href=\"https:\/\/www.thelanguagefocus.com\/fr\/info\/inhoud\/nederlands\/\">n\u00e9erlandais<\/a>, <a href=\"https:\/\/www.thelanguagefocus.com\/fr\/info\/inhoud\/engels\/\">anglais<\/a>, <a href=\"https:\/\/www.thelanguagefocus.com\/fr\/info\/inhoud\/duits\/\">allemand<\/a> et <a href=\"https:\/\/www.thelanguagefocus.com\/fr\/info\/inhoud\/frans\/\">fran\u00e7ais (FLE)<\/a><\/strong> qui composent <em>The\u00a0Language\u00a0Focus<\/em>.<\/p>\n<p><em>The\u00a0Language\u00a0Focus<\/em> est bien plus qu&rsquo;un simple exercisier en ligne \u00e0 partir de mat\u00e9riel didactique pr\u00eat \u00e0 l&#8217;emploi. L&rsquo;enseignant peut \u00e9galement suivre le travail de ses \u00e9l\u00e8ves jusque dans les moindres petits d\u00e9tails via notre outil de <strong><a href=\"https:\/\/www.thelanguagefocus.com\/fr\/info\/resultatenbeheer\/\">gestion des r\u00e9sultats<\/a><\/strong>. Chacun, apprenant ou enseignant, peut se connecter \u00e0 <em>The\u00a0Language\u00a0Focus<\/em> depuis n&rsquo;importe quel ordinateur disposant d&rsquo;une connexion \u00e0 Internet, depuis l&rsquo;\u00e9cole ou de chez lui.<\/p>\n<p>Vous trouverez ci-apr\u00e8s <a href=\"https:\/\/www.thelanguagefocus.com\/fr\/info\/technisch\/\"><strong>les d\u00e9tails techniques<\/strong><\/a> concernant <em>The\u00a0Language\u00a0Focus<\/em> et <a href=\"https:\/\/www.thelanguagefocus.com\/fr\/info\/prijzen\/\"><strong>les tarifs<\/strong><\/a> pour b\u00e9n\u00e9ficier de <em>The\u00a0Language\u00a0Focus<\/em> dans votre \u00e9tablissement.<\/p>\n<p>Si vous souhaitez <strong>essayer<\/strong> vous-m\u00eame quelques exercices de <em>The\u00a0Language\u00a0Focus<\/em> : <a href=\"https:\/\/www.explio.com\/login\/tlf.cgi?&amp;u=demofr&amp;p=demofr\" target=\"_blank\" rel=\"noopener noreferrer\">cliquez ici<\/a>.<\/p>\n","protected":false},"excerpt":{"rendered":"<p>The\u00a0Language\u00a0Focus est un environnement d&rsquo;apprentissage num\u00e9rique avec contenus int\u00e9gr\u00e9s. Vous trouverez ici un descriptif de notre approche sur les contenus, et, sur les liens ci-dessous, des informations plus sp\u00e9cifiques sur les &#8211; au total &#8211; plus de 6500 exercices dans<\/p>\n","protected":false},"author":4,"featured_media":0,"parent":0,"menu_order":2,"comment_status":"closed","ping_status":"closed","template":"","meta":{"footnotes":""},"class_list":["post-215","page","type-page","status-publish","hentry"],"_links":{"self":[{"href":"https:\/\/www.thelanguagefocus.com\/fr\/wp-json\/wp\/v2\/pages\/215","targetHints":{"allow":["GET"]}}],"collection":[{"href":"https:\/\/www.thelanguagefocus.com\/fr\/wp-json\/wp\/v2\/pages"}],"about":[{"href":"https:\/\/www.thelanguagefocus.com\/fr\/wp-json\/wp\/v2\/types\/page"}],"author":[{"embeddable":true,"href":"https:\/\/www.thelanguagefocus.com\/fr\/wp-json\/wp\/v2\/users\/4"}],"replies":[{"embeddable":true,"href":"https:\/\/www.thelanguagefocus.com\/fr\/wp-json\/wp\/v2\/comments?post=215"}],"version-history":[{"count":0,"href":"https:\/\/www.thelanguagefocus.com\/fr\/wp-json\/wp\/v2\/pages\/215\/revisions"}],"wp:attachment":[{"href":"https:\/\/www.thelanguagefocus.com\/fr\/wp-json\/wp\/v2\/media?parent=215"}],"curies":[{"name":"wp","href":"https:\/\/api.w.org\/{rel}","templated":true}]}}