{"id":214,"date":"2020-05-18T12:47:43","date_gmt":"2020-05-18T10:47:43","guid":{"rendered":"http:\/\/www.thelanguagefocus.com\/fr\/welkom\/"},"modified":"2026-03-09T14:32:18","modified_gmt":"2026-03-09T13:32:18","slug":"welkom","status":"publish","type":"page","link":"https:\/\/www.thelanguagefocus.com\/fr\/","title":{"rendered":"Bienvenue"},"content":{"rendered":"<p>Bienvenue sur le site Info et Support de <em>The\u00a0Language\u00a0Focus<\/em>\u00a0!<\/p>\n<h3><em>The\u00a0Language\u00a0Focus<\/em> en un coup d&rsquo;oeil:<\/h3>\n<ul>\n<li><strong>plus de 6500 exercices de langue cl\u00e9s en main<\/strong>, propos\u00e9s selon diff\u00e9rentes formules\u00a0;<\/li>\n<li><strong>apprentissage autonome<\/strong> pendant ou en compl\u00e9ment des cours classiques, apportant de significants meilleurs r\u00e9sultats en langue ;<\/li>\n<li><strong>simple d&rsquo;utilisation<\/strong> pour l&rsquo;apprenant : il suffit de se connecter et de s&rsquo;entra\u00eener\u00a0!<\/li>\n<li><strong>une gestion des r\u00e9sultats<\/strong> compl\u00e8te et fine\u00a0;<\/li>\n<li><strong>accessible partout et \u00e0 tout moment<\/strong>, \u00e0 la maison comme \u00e0 l&rsquo;\u00e9cole.<\/li>\n<\/ul>\n<h3>Aller plus loin&#8230;<\/h3>\n<p>Cliquez sur les onglets <strong>Info<\/strong>, <strong>Support<\/strong> ou <strong>Contact<\/strong> pour plus d&rsquo;informations.<\/p>\n<p><a href=\"https:\/\/www.explio.com\/focus\/index.html?locale=fr_FR&amp;resume=initial\" target=\"_blank\" rel=\"noopener noreferrer\">Cliquez ici<\/a> pour rejoindre <strong>la plate-forme d&rsquo;apprentissage<\/strong>.<\/p>\n","protected":false},"excerpt":{"rendered":"<p>Bienvenue sur le site Info et Support de The\u00a0Language\u00a0Focus\u00a0! The\u00a0Language\u00a0Focus en un coup d&rsquo;oeil: plus de 6500 exercices de langue cl\u00e9s en main, propos\u00e9s selon diff\u00e9rentes formules\u00a0; apprentissage autonome pendant ou en compl\u00e9ment des cours classiques, apportant de significants meilleurs<\/p>\n","protected":false},"author":4,"featured_media":0,"parent":0,"menu_order":1,"comment_status":"closed","ping_status":"closed","template":"","meta":{"footnotes":""},"class_list":["post-214","page","type-page","status-publish","hentry"],"_links":{"self":[{"href":"https:\/\/www.thelanguagefocus.com\/fr\/wp-json\/wp\/v2\/pages\/214","targetHints":{"allow":["GET"]}}],"collection":[{"href":"https:\/\/www.thelanguagefocus.com\/fr\/wp-json\/wp\/v2\/pages"}],"about":[{"href":"https:\/\/www.thelanguagefocus.com\/fr\/wp-json\/wp\/v2\/types\/page"}],"author":[{"embeddable":true,"href":"https:\/\/www.thelanguagefocus.com\/fr\/wp-json\/wp\/v2\/users\/4"}],"replies":[{"embeddable":true,"href":"https:\/\/www.thelanguagefocus.com\/fr\/wp-json\/wp\/v2\/comments?post=214"}],"version-history":[{"count":0,"href":"https:\/\/www.thelanguagefocus.com\/fr\/wp-json\/wp\/v2\/pages\/214\/revisions"}],"wp:attachment":[{"href":"https:\/\/www.thelanguagefocus.com\/fr\/wp-json\/wp\/v2\/media?parent=214"}],"curies":[{"name":"wp","href":"https:\/\/api.w.org\/{rel}","templated":true}]}}